{"id":398,"date":"2025-12-12T06:53:15","date_gmt":"2025-12-12T06:53:15","guid":{"rendered":"https:\/\/new.metrosafetyelevators.com\/?page_id=398"},"modified":"2025-12-18T07:28:38","modified_gmt":"2025-12-18T07:28:38","slug":"team","status":"publish","type":"page","link":"https:\/\/new.metrosafetyelevators.com\/en\/team\/","title":{"rendered":"Team"},"content":{"rendered":"<div data-elementor-type=\"wp-page\" data-elementor-id=\"398\" class=\"elementor elementor-398\">\n\t\t\t\t<div class=\"elementor-element elementor-element-8c05d3f e-flex e-con-boxed e-con e-parent\" data-id=\"8c05d3f\" data-element_type=\"container\" data-settings=\"{&quot;background_background&quot;:&quot;classic&quot;}\">\n\t\t\t\t\t<div class=\"e-con-inner\">\n\t\t\t\t<div class=\"elementor-element elementor-element-7f6daef elementor-widget elementor-widget-heading\" data-id=\"7f6daef\" data-element_type=\"widget\" data-widget_type=\"heading.default\">\n\t\t\t\t\t<h1 class=\"elementor-heading-title elementor-size-default\">Our team<\/h1>\t\t\t\t<\/div>\n\t\t\t\t<div class=\"elementor-element elementor-element-5085bc6 elementor-widget elementor-widget-heading\" data-id=\"5085bc6\" data-element_type=\"widget\" data-widget_type=\"heading.default\">\n\t\t\t\t\t<h2 class=\"elementor-heading-title elementor-size-default\">Behind Nexanar is a team of experienced technology and transformation experts who help companies to <br>To support you in successfully mastering digital transformation.<br>Our Managing Directors combine in-depth expertise with a strong innovative spirit \u2013 together <br>We develop solutions that are efficient, resilient and future-proof.<\/h2>\t\t\t\t<\/div>\n\t\t\t\t\t<\/div>\n\t\t\t\t<\/div>\n\t\t<div class=\"elementor-element elementor-element-6f730a6 e-flex e-con-boxed e-con e-parent\" data-id=\"6f730a6\" data-element_type=\"container\">\n\t\t\t\t\t<div class=\"e-con-inner\">\n\t\t<div class=\"elementor-element elementor-element-f45d87b e-con-full e-flex e-con e-child\" data-id=\"f45d87b\" data-element_type=\"container\">\n\t\t<div class=\"elementor-element elementor-element-cb764f1 e-con-full e-flex e-con e-child\" data-id=\"cb764f1\" data-element_type=\"container\" data-settings=\"{&quot;background_background&quot;:&quot;classic&quot;}\">\n\t\t\t\t<div class=\"elementor-element elementor-element-e27a507 elementor-widget elementor-widget-image\" data-id=\"e27a507\" data-element_type=\"widget\" data-widget_type=\"image.default\">\n\t\t\t\t\t\t\t\t\t\t\t\t\t\t\t<img fetchpriority=\"high\" decoding=\"async\" width=\"318\" height=\"376\" src=\"https:\/\/new.metrosafetyelevators.com\/wp-content\/uploads\/2025\/12\/Susan-1.webp\" class=\"attachment-large size-large wp-image-407\" alt=\"\" srcset=\"https:\/\/new.metrosafetyelevators.com\/wp-content\/uploads\/2025\/12\/Susan-1.webp 318w, https:\/\/new.metrosafetyelevators.com\/wp-content\/uploads\/2025\/12\/Susan-1-254x300.webp 254w, https:\/\/new.metrosafetyelevators.com\/wp-content\/uploads\/2025\/12\/Susan-1-10x12.webp 10w\" sizes=\"(max-width: 318px) 100vw, 318px\" \/>\t\t\t\t\t\t\t\t\t\t\t\t\t\t\t<\/div>\n\t\t\t\t<\/div>\n\t\t<div class=\"elementor-element elementor-element-38b340e e-con-full e-flex e-con e-child\" data-id=\"38b340e\" data-element_type=\"container\">\n\t\t\t\t<div class=\"elementor-element elementor-element-bdfd782 elementor-widget elementor-widget-heading\" data-id=\"bdfd782\" data-element_type=\"widget\" data-widget_type=\"heading.default\">\n\t\t\t\t\t<h2 class=\"elementor-heading-title elementor-size-default\">Melissa Bernhard<\/h2>\t\t\t\t<\/div>\n\t\t\t\t<div class=\"elementor-element elementor-element-873977d elementor-widget elementor-widget-heading\" data-id=\"873977d\" data-element_type=\"widget\" data-widget_type=\"heading.default\">\n\t\t\t\t\t<h2 class=\"elementor-heading-title elementor-size-default\">Managing Director<\/h2>\t\t\t\t<\/div>\n\t\t\t\t<div class=\"elementor-element elementor-element-52e4aae elementor-widget elementor-widget-heading\" data-id=\"52e4aae\" data-element_type=\"widget\" data-widget_type=\"heading.default\">\n\t\t\t\t\t<p class=\"elementor-heading-title elementor-size-default\">Melissa Bernnhard is a Managing Director at Nexanar in Munich and heads our practice for digital business models and operational transformation. She has over 15 years of experience in strategic consulting and technology integration, supporting companies in implementing forward-looking digital strategies. Prior to joining Nexanar, Melissa Bernnhard was a Senior Manager at Accenture UK, where she advised international clients on digital strategy, process automation, and cloud implementation.<\/p>\t\t\t\t<\/div>\n\t\t\t\t<\/div>\n\t\t\t\t<\/div>\n\t\t<div class=\"elementor-element elementor-element-ad84086 e-con-full e-flex e-con e-child\" data-id=\"ad84086\" data-element_type=\"container\">\n\t\t\t\t<div class=\"elementor-element elementor-element-f3dc70b elementor-widget elementor-widget-heading\" data-id=\"f3dc70b\" data-element_type=\"widget\" data-widget_type=\"heading.default\">\n\t\t\t\t\t<h3 class=\"elementor-heading-title elementor-size-default\">Key areas of expertise:<\/h3>\t\t\t\t<\/div>\n\t\t\t\t<div class=\"elementor-element elementor-element-d2d237c elementor-align-start elementor-icon-list--layout-traditional elementor-list-item-link-full_width elementor-widget elementor-widget-icon-list\" data-id=\"d2d237c\" data-element_type=\"widget\" data-widget_type=\"icon-list.default\">\n\t\t\t\t\t\t\t<ul class=\"elementor-icon-list-items\">\n\t\t\t\t\t\t\t<li class=\"elementor-icon-list-item\">\n\t\t\t\t\t\t\t\t\t\t\t<span class=\"elementor-icon-list-icon\">\n\t\t\t\t\t\t\t<svg aria-hidden=\"true\" class=\"e-font-icon-svg e-fas-circle\" viewbox=\"0 0 512 512\" xmlns=\"http:\/\/www.w3.org\/2000\/svg\"><path d=\"M256 8C119 8 8 119 8 256s111 248 248 248 248-111 248-248S393 8 256 8z\"><\/path><\/svg>\t\t\t\t\t\t<\/span>\n\t\t\t\t\t\t\t\t\t\t<span class=\"elementor-icon-list-text\">Digital Transformation<\/span>\n\t\t\t\t\t\t\t\t\t<\/li>\n\t\t\t\t\t\t\t\t<li class=\"elementor-icon-list-item\">\n\t\t\t\t\t\t\t\t\t\t\t<span class=\"elementor-icon-list-icon\">\n\t\t\t\t\t\t\t<svg aria-hidden=\"true\" class=\"e-font-icon-svg e-fas-circle\" viewbox=\"0 0 512 512\" xmlns=\"http:\/\/www.w3.org\/2000\/svg\"><path d=\"M256 8C119 8 8 119 8 256s111 248 248 248 248-111 248-248S393 8 256 8z\"><\/path><\/svg>\t\t\t\t\t\t<\/span>\n\t\t\t\t\t\t\t\t\t\t<span class=\"elementor-icon-list-text\">Organizational development<\/span>\n\t\t\t\t\t\t\t\t\t<\/li>\n\t\t\t\t\t\t\t\t<li class=\"elementor-icon-list-item\">\n\t\t\t\t\t\t\t\t\t\t\t<span class=\"elementor-icon-list-icon\">\n\t\t\t\t\t\t\t<svg aria-hidden=\"true\" class=\"e-font-icon-svg e-fas-circle\" viewbox=\"0 0 512 512\" xmlns=\"http:\/\/www.w3.org\/2000\/svg\"><path d=\"M256 8C119 8 8 119 8 256s111 248 248 248 248-111 248-248S393 8 256 8z\"><\/path><\/svg>\t\t\t\t\t\t<\/span>\n\t\t\t\t\t\t\t\t\t\t<span class=\"elementor-icon-list-text\">Cloud platforms<\/span>\n\t\t\t\t\t\t\t\t\t<\/li>\n\t\t\t\t\t\t\t\t<li class=\"elementor-icon-list-item\">\n\t\t\t\t\t\t\t\t\t\t\t<span class=\"elementor-icon-list-icon\">\n\t\t\t\t\t\t\t<svg aria-hidden=\"true\" class=\"e-font-icon-svg e-fas-circle\" viewbox=\"0 0 512 512\" xmlns=\"http:\/\/www.w3.org\/2000\/svg\"><path d=\"M256 8C119 8 8 119 8 256s111 248 248 248 248-111 248-248S393 8 256 8z\"><\/path><\/svg>\t\t\t\t\t\t<\/span>\n\t\t\t\t\t\t\t\t\t\t<span class=\"elementor-icon-list-text\">Process automation<\/span>\n\t\t\t\t\t\t\t\t\t<\/li>\n\t\t\t\t\t\t<\/ul>\n\t\t\t\t\t\t<\/div>\n\t\t\t\t<\/div>\n\t\t\t\t\t<\/div>\n\t\t\t\t<\/div>\n\t\t<div class=\"elementor-element elementor-element-563e868 e-flex e-con-boxed e-con e-parent\" data-id=\"563e868\" data-element_type=\"container\">\n\t\t\t\t\t<div class=\"e-con-inner\">\n\t\t<div class=\"elementor-element elementor-element-36c35c8 e-con-full e-flex e-con e-child\" data-id=\"36c35c8\" data-element_type=\"container\">\n\t\t<div class=\"elementor-element elementor-element-725a702 e-con-full e-flex e-con e-child\" data-id=\"725a702\" data-element_type=\"container\">\n\t\t\t\t<div class=\"elementor-element elementor-element-0ba0c49 elementor-widget elementor-widget-image\" data-id=\"0ba0c49\" data-element_type=\"widget\" data-widget_type=\"image.default\">\n\t\t\t\t\t\t\t\t\t\t\t\t\t\t\t<img decoding=\"async\" width=\"318\" height=\"376\" src=\"https:\/\/new.metrosafetyelevators.com\/wp-content\/uploads\/2025\/12\/Mark-2.webp\" class=\"attachment-large size-large wp-image-472\" alt=\"\" srcset=\"https:\/\/new.metrosafetyelevators.com\/wp-content\/uploads\/2025\/12\/Mark-2.webp 318w, https:\/\/new.metrosafetyelevators.com\/wp-content\/uploads\/2025\/12\/Mark-2-254x300.webp 254w, https:\/\/new.metrosafetyelevators.com\/wp-content\/uploads\/2025\/12\/Mark-2-10x12.webp 10w\" sizes=\"(max-width: 318px) 100vw, 318px\" \/>\t\t\t\t\t\t\t\t\t\t\t\t\t\t\t<\/div>\n\t\t\t\t<\/div>\n\t\t<div class=\"elementor-element elementor-element-9e2011c e-con-full e-flex e-con e-child\" data-id=\"9e2011c\" data-element_type=\"container\">\n\t\t\t\t<div class=\"elementor-element elementor-element-631723e elementor-widget elementor-widget-heading\" data-id=\"631723e\" data-element_type=\"widget\" data-widget_type=\"heading.default\">\n\t\t\t\t\t<h2 class=\"elementor-heading-title elementor-size-default\">Marc Weiss<\/h2>\t\t\t\t<\/div>\n\t\t\t\t<div class=\"elementor-element elementor-element-4426e57 elementor-widget elementor-widget-heading\" data-id=\"4426e57\" data-element_type=\"widget\" data-widget_type=\"heading.default\">\n\t\t\t\t\t<h2 class=\"elementor-heading-title elementor-size-default\">Senior Managing Director<\/h2>\t\t\t\t<\/div>\n\t\t\t\t<div class=\"elementor-element elementor-element-e2fd198 elementor-widget elementor-widget-heading\" data-id=\"e2fd198\" data-element_type=\"widget\" data-widget_type=\"heading.default\">\n\t\t\t\t\t<p class=\"elementor-heading-title elementor-size-default\">Marc Weiss is Managing Director at Nexanar in Frankfurt and heads our Cloud Transformation and IT Resilience Solutions practice. He has many years of international experience in designing modern IT infrastructures and implementing complex technology projects. Before joining Nexanar, Marc Weiss was a Technology Lead at PwC UK, where he supported global companies in adopting scalable cloud platforms, migrating complex system landscapes, and optimizing their IT governance.<\/p>\t\t\t\t<\/div>\n\t\t\t\t<\/div>\n\t\t\t\t<\/div>\n\t\t<div class=\"elementor-element elementor-element-d51642e e-con-full e-flex e-con e-child\" data-id=\"d51642e\" data-element_type=\"container\">\n\t\t\t\t<div class=\"elementor-element elementor-element-380e021 elementor-widget elementor-widget-heading\" data-id=\"380e021\" data-element_type=\"widget\" data-widget_type=\"heading.default\">\n\t\t\t\t\t<h2 class=\"elementor-heading-title elementor-size-default\">Key areas of expertise:<\/h2>\t\t\t\t<\/div>\n\t\t\t\t<div class=\"elementor-element elementor-element-44ce475 elementor-align-start elementor-icon-list--layout-traditional elementor-list-item-link-full_width elementor-widget elementor-widget-icon-list\" data-id=\"44ce475\" data-element_type=\"widget\" data-widget_type=\"icon-list.default\">\n\t\t\t\t\t\t\t<ul class=\"elementor-icon-list-items\">\n\t\t\t\t\t\t\t<li class=\"elementor-icon-list-item\">\n\t\t\t\t\t\t\t\t\t\t\t<span class=\"elementor-icon-list-icon\">\n\t\t\t\t\t\t\t<svg aria-hidden=\"true\" class=\"e-font-icon-svg e-fas-circle\" viewbox=\"0 0 512 512\" xmlns=\"http:\/\/www.w3.org\/2000\/svg\"><path d=\"M256 8C119 8 8 119 8 256s111 248 248 248 248-111 248-248S393 8 256 8z\"><\/path><\/svg>\t\t\t\t\t\t<\/span>\n\t\t\t\t\t\t\t\t\t\t<span class=\"elementor-icon-list-text\">Cloud-Transformation<\/span>\n\t\t\t\t\t\t\t\t\t<\/li>\n\t\t\t\t\t\t\t\t<li class=\"elementor-icon-list-item\">\n\t\t\t\t\t\t\t\t\t\t\t<span class=\"elementor-icon-list-icon\">\n\t\t\t\t\t\t\t<svg aria-hidden=\"true\" class=\"e-font-icon-svg e-fas-circle\" viewbox=\"0 0 512 512\" xmlns=\"http:\/\/www.w3.org\/2000\/svg\"><path d=\"M256 8C119 8 8 119 8 256s111 248 248 248 248-111 248-248S393 8 256 8z\"><\/path><\/svg>\t\t\t\t\t\t<\/span>\n\t\t\t\t\t\t\t\t\t\t<span class=\"elementor-icon-list-text\">IT resilience<\/span>\n\t\t\t\t\t\t\t\t\t<\/li>\n\t\t\t\t\t\t\t\t<li class=\"elementor-icon-list-item\">\n\t\t\t\t\t\t\t\t\t\t\t<span class=\"elementor-icon-list-icon\">\n\t\t\t\t\t\t\t<svg aria-hidden=\"true\" class=\"e-font-icon-svg e-fas-circle\" viewbox=\"0 0 512 512\" xmlns=\"http:\/\/www.w3.org\/2000\/svg\"><path d=\"M256 8C119 8 8 119 8 256s111 248 248 248 248-111 248-248S393 8 256 8z\"><\/path><\/svg>\t\t\t\t\t\t<\/span>\n\t\t\t\t\t\t\t\t\t\t<span class=\"elementor-icon-list-text\">IT-Governance<\/span>\n\t\t\t\t\t\t\t\t\t<\/li>\n\t\t\t\t\t\t\t\t<li class=\"elementor-icon-list-item\">\n\t\t\t\t\t\t\t\t\t\t\t<span class=\"elementor-icon-list-icon\">\n\t\t\t\t\t\t\t<svg aria-hidden=\"true\" class=\"e-font-icon-svg e-fas-circle\" viewbox=\"0 0 512 512\" xmlns=\"http:\/\/www.w3.org\/2000\/svg\"><path d=\"M256 8C119 8 8 119 8 256s111 248 248 248 248-111 248-248S393 8 256 8z\"><\/path><\/svg>\t\t\t\t\t\t<\/span>\n\t\t\t\t\t\t\t\t\t\t<span class=\"elementor-icon-list-text\">Multi-cloud architectures<\/span>\n\t\t\t\t\t\t\t\t\t<\/li>\n\t\t\t\t\t\t<\/ul>\n\t\t\t\t\t\t<\/div>\n\t\t\t\t<\/div>\n\t\t\t\t\t<\/div>\n\t\t\t\t<\/div>\n\t\t<div class=\"elementor-element elementor-element-c5bc680 e-flex e-con-boxed e-con e-parent\" data-id=\"c5bc680\" data-element_type=\"container\">\n\t\t\t\t\t<div class=\"e-con-inner\">\n\t\t<div class=\"elementor-element elementor-element-11bfb8e e-con-full e-flex e-con e-child\" data-id=\"11bfb8e\" data-element_type=\"container\">\n\t\t<div class=\"elementor-element elementor-element-cde6a5f e-con-full e-flex e-con e-child\" data-id=\"cde6a5f\" data-element_type=\"container\">\n\t\t\t\t<div class=\"elementor-element elementor-element-7086735 elementor-widget elementor-widget-image\" data-id=\"7086735\" data-element_type=\"widget\" data-widget_type=\"image.default\">\n\t\t\t\t\t\t\t\t\t\t\t\t\t\t\t<img decoding=\"async\" width=\"318\" height=\"376\" src=\"https:\/\/new.metrosafetyelevators.com\/wp-content\/uploads\/2025\/12\/f3f28acd-2e24-438a-bf1d-7f8c81c00998-1.webp\" class=\"attachment-large size-large wp-image-473\" alt=\"\" srcset=\"https:\/\/new.metrosafetyelevators.com\/wp-content\/uploads\/2025\/12\/f3f28acd-2e24-438a-bf1d-7f8c81c00998-1.webp 318w, https:\/\/new.metrosafetyelevators.com\/wp-content\/uploads\/2025\/12\/f3f28acd-2e24-438a-bf1d-7f8c81c00998-1-254x300.webp 254w, https:\/\/new.metrosafetyelevators.com\/wp-content\/uploads\/2025\/12\/f3f28acd-2e24-438a-bf1d-7f8c81c00998-1-10x12.webp 10w\" sizes=\"(max-width: 318px) 100vw, 318px\" \/>\t\t\t\t\t\t\t\t\t\t\t\t\t\t\t<\/div>\n\t\t\t\t<\/div>\n\t\t<div class=\"elementor-element elementor-element-a62fdc3 e-con-full e-flex e-con e-child\" data-id=\"a62fdc3\" data-element_type=\"container\">\n\t\t\t\t<div class=\"elementor-element elementor-element-67d7ef6 elementor-widget elementor-widget-heading\" data-id=\"67d7ef6\" data-element_type=\"widget\" data-widget_type=\"heading.default\">\n\t\t\t\t\t<h2 class=\"elementor-heading-title elementor-size-default\">Dr. Maurice Kwem<\/h2>\t\t\t\t<\/div>\n\t\t\t\t<div class=\"elementor-element elementor-element-7c3efd7 elementor-widget elementor-widget-heading\" data-id=\"7c3efd7\" data-element_type=\"widget\" data-widget_type=\"heading.default\">\n\t\t\t\t\t<h2 class=\"elementor-heading-title elementor-size-default\">Managing Director<\/h2>\t\t\t\t<\/div>\n\t\t\t\t<div class=\"elementor-element elementor-element-b643b95 elementor-widget elementor-widget-heading\" data-id=\"b643b95\" data-element_type=\"widget\" data-widget_type=\"heading.default\">\n\t\t\t\t\t<p class=\"elementor-heading-title elementor-size-default\">Dr. Maurice Kwem is Managing Director at Nexanar in Hamburg and an expert in digital resilience, enterprise architectures, and transformation. He has over 20 years of experience in technology and organizational development. Prior to Nexanar, he spent over ten years as a Technology Lead at Deloitte Germany, advising leading global companies, including Siemens, General Motors, Vodafone, and Procter &amp; Gamble.<\/p>\t\t\t\t<\/div>\n\t\t\t\t<\/div>\n\t\t\t\t<\/div>\n\t\t<div class=\"elementor-element elementor-element-8ce3528 e-con-full e-flex e-con e-child\" data-id=\"8ce3528\" data-element_type=\"container\">\n\t\t\t\t<div class=\"elementor-element elementor-element-6e03e0a elementor-widget elementor-widget-heading\" data-id=\"6e03e0a\" data-element_type=\"widget\" data-widget_type=\"heading.default\">\n\t\t\t\t\t<h2 class=\"elementor-heading-title elementor-size-default\">Key areas of expertise:<\/h2>\t\t\t\t<\/div>\n\t\t\t\t<div class=\"elementor-element elementor-element-658f890 elementor-align-start elementor-icon-list--layout-traditional elementor-list-item-link-full_width elementor-widget elementor-widget-icon-list\" data-id=\"658f890\" data-element_type=\"widget\" data-widget_type=\"icon-list.default\">\n\t\t\t\t\t\t\t<ul class=\"elementor-icon-list-items\">\n\t\t\t\t\t\t\t<li class=\"elementor-icon-list-item\">\n\t\t\t\t\t\t\t\t\t\t\t<span class=\"elementor-icon-list-icon\">\n\t\t\t\t\t\t\t<svg aria-hidden=\"true\" class=\"e-font-icon-svg e-fas-circle\" viewbox=\"0 0 512 512\" xmlns=\"http:\/\/www.w3.org\/2000\/svg\"><path d=\"M256 8C119 8 8 119 8 256s111 248 248 248 248-111 248-248S393 8 256 8z\"><\/path><\/svg>\t\t\t\t\t\t<\/span>\n\t\t\t\t\t\t\t\t\t\t<span class=\"elementor-icon-list-text\">Digital Transformation<\/span>\n\t\t\t\t\t\t\t\t\t<\/li>\n\t\t\t\t\t\t\t\t<li class=\"elementor-icon-list-item\">\n\t\t\t\t\t\t\t\t\t\t\t<span class=\"elementor-icon-list-icon\">\n\t\t\t\t\t\t\t<svg aria-hidden=\"true\" class=\"e-font-icon-svg e-fas-circle\" viewbox=\"0 0 512 512\" xmlns=\"http:\/\/www.w3.org\/2000\/svg\"><path d=\"M256 8C119 8 8 119 8 256s111 248 248 248 248-111 248-248S393 8 256 8z\"><\/path><\/svg>\t\t\t\t\t\t<\/span>\n\t\t\t\t\t\t\t\t\t\t<span class=\"elementor-icon-list-text\">Digital product development<\/span>\n\t\t\t\t\t\t\t\t\t<\/li>\n\t\t\t\t\t\t\t\t<li class=\"elementor-icon-list-item\">\n\t\t\t\t\t\t\t\t\t\t\t<span class=\"elementor-icon-list-icon\">\n\t\t\t\t\t\t\t<svg aria-hidden=\"true\" class=\"e-font-icon-svg e-fas-circle\" viewbox=\"0 0 512 512\" xmlns=\"http:\/\/www.w3.org\/2000\/svg\"><path d=\"M256 8C119 8 8 119 8 256s111 248 248 248 248-111 248-248S393 8 256 8z\"><\/path><\/svg>\t\t\t\t\t\t<\/span>\n\t\t\t\t\t\t\t\t\t\t<span class=\"elementor-icon-list-text\">Cloud solutions<\/span>\n\t\t\t\t\t\t\t\t\t<\/li>\n\t\t\t\t\t\t\t\t<li class=\"elementor-icon-list-item\">\n\t\t\t\t\t\t\t\t\t\t\t<span class=\"elementor-icon-list-icon\">\n\t\t\t\t\t\t\t<svg aria-hidden=\"true\" class=\"e-font-icon-svg e-fas-circle\" viewbox=\"0 0 512 512\" xmlns=\"http:\/\/www.w3.org\/2000\/svg\"><path d=\"M256 8C119 8 8 119 8 256s111 248 248 248 248-111 248-248S393 8 256 8z\"><\/path><\/svg>\t\t\t\t\t\t<\/span>\n\t\t\t\t\t\t\t\t\t\t<span class=\"elementor-icon-list-text\">IT architecture<\/span>\n\t\t\t\t\t\t\t\t\t<\/li>\n\t\t\t\t\t\t<\/ul>\n\t\t\t\t\t\t<\/div>\n\t\t\t\t<\/div>\n\t\t\t\t\t<\/div>\n\t\t\t\t<\/div>\n\t\t<div class=\"elementor-element elementor-element-7b73df8 e-flex e-con-boxed e-con e-parent\" data-id=\"7b73df8\" data-element_type=\"container\">\n\t\t\t\t\t<div class=\"e-con-inner\">\n\t\t<div class=\"elementor-element elementor-element-4a8cdd5 e-con-full e-flex e-con e-child\" data-id=\"4a8cdd5\" data-element_type=\"container\">\n\t\t<div class=\"elementor-element elementor-element-fb1548c e-con-full e-flex e-con e-child\" data-id=\"fb1548c\" data-element_type=\"container\">\n\t\t\t\t<div class=\"elementor-element elementor-element-8e35d8b elementor-widget elementor-widget-heading\" data-id=\"8e35d8b\" data-element_type=\"widget\" data-widget_type=\"heading.default\">\n\t\t\t\t\t<h2 class=\"elementor-heading-title elementor-size-default\">Speak to our experts<\/h2>\t\t\t\t<\/div>\n\t\t\t\t<\/div>\n\t\t\t\t<\/div>\n\t\t<div class=\"elementor-element elementor-element-259f082 e-con-full e-flex e-con e-child\" data-id=\"259f082\" data-element_type=\"container\">\n\t\t<div class=\"elementor-element elementor-element-28086d4 e-con-full e-flex e-con e-child\" data-id=\"28086d4\" data-element_type=\"container\">\n\t\t<div class=\"elementor-element elementor-element-6b21151 e-con-full e-flex e-con e-child\" data-id=\"6b21151\" data-element_type=\"container\" data-settings=\"{&quot;background_background&quot;:&quot;classic&quot;}\">\n\t\t\t\t<div class=\"elementor-element elementor-element-3b6e6db elementor-align-center elementor-widget elementor-widget-button\" data-id=\"3b6e6db\" data-element_type=\"widget\" data-widget_type=\"button.default\">\n\t\t\t\t\t\t\t\t\t\t<a class=\"elementor-button elementor-button-link elementor-size-sm\" href=\"\/en\/kontakt\/\">\n\t\t\t\t\t\t<span class=\"elementor-button-content-wrapper\">\n\t\t\t\t\t\t\t\t\t<span class=\"elementor-button-text\">make contact<\/span>\n\t\t\t\t\t<\/span>\n\t\t\t\t\t<\/a>\n\t\t\t\t\t\t\t\t<\/div>\n\t\t\t\t<\/div>\n\t\t\t\t<\/div>\n\t\t\t\t<\/div>\n\t\t\t\t\t<\/div>\n\t\t\t\t<\/div>\n\t\t\t\t<\/div>","protected":false},"excerpt":{"rendered":"<p>Unser Team Hinter Nexanar steht ein Team aus erfahrenen Technologie- und Transformationsexperten, die Unternehmen dabei unterst\u00fctzen, den digitalen Wandel erfolgreich zu meistern.\u2028 Unsere Managing Directors verbinden tiefgehendes Fachwissen mit ausgepr\u00e4gtem Innovationsgeist \u2013 gemeinsam entwickeln wir L\u00f6sungen, die effizient, resilient und zukunftsf\u00e4hig sind. Melissa Bernhard Managing Director Melissa Bernnhard ist Managing Director bei Nexanar in M\u00fcnchen [&hellip;]<\/p>","protected":false},"author":2,"featured_media":0,"parent":0,"menu_order":0,"comment_status":"closed","ping_status":"closed","template":"","meta":{"footnotes":""},"class_list":["post-398","page","type-page","status-publish","hentry"],"_hostinger_reach_plugin_has_subscription_block":false,"_hostinger_reach_plugin_is_elementor":false,"_links":{"self":[{"href":"https:\/\/new.metrosafetyelevators.com\/en\/wp-json\/wp\/v2\/pages\/398","targetHints":{"allow":["GET"]}}],"collection":[{"href":"https:\/\/new.metrosafetyelevators.com\/en\/wp-json\/wp\/v2\/pages"}],"about":[{"href":"https:\/\/new.metrosafetyelevators.com\/en\/wp-json\/wp\/v2\/types\/page"}],"author":[{"embeddable":true,"href":"https:\/\/new.metrosafetyelevators.com\/en\/wp-json\/wp\/v2\/users\/2"}],"replies":[{"embeddable":true,"href":"https:\/\/new.metrosafetyelevators.com\/en\/wp-json\/wp\/v2\/comments?post=398"}],"version-history":[{"count":302,"href":"https:\/\/new.metrosafetyelevators.com\/en\/wp-json\/wp\/v2\/pages\/398\/revisions"}],"predecessor-version":[{"id":2021,"href":"https:\/\/new.metrosafetyelevators.com\/en\/wp-json\/wp\/v2\/pages\/398\/revisions\/2021"}],"wp:attachment":[{"href":"https:\/\/new.metrosafetyelevators.com\/en\/wp-json\/wp\/v2\/media?parent=398"}],"curies":[{"name":"wp","href":"https:\/\/api.w.org\/{rel}","templated":true}]}}