{"id":284,"date":"2025-12-12T04:39:06","date_gmt":"2025-12-12T04:39:06","guid":{"rendered":"https:\/\/new.metrosafetyelevators.com\/?page_id=284"},"modified":"2025-12-18T09:15:47","modified_gmt":"2025-12-18T09:15:47","slug":"uber-nexanar","status":"publish","type":"page","link":"https:\/\/new.metrosafetyelevators.com\/en\/uber-nexanar\/","title":{"rendered":"About Nexanar"},"content":{"rendered":"<div data-elementor-type=\"wp-page\" data-elementor-id=\"284\" class=\"elementor elementor-284\">\n\t\t\t\t<div class=\"elementor-element elementor-element-8c05d3f e-flex e-con-boxed e-con e-parent\" data-id=\"8c05d3f\" data-element_type=\"container\" data-settings=\"{&quot;background_background&quot;:&quot;classic&quot;}\">\n\t\t\t\t\t<div class=\"e-con-inner\">\n\t\t\t\t<div class=\"elementor-element elementor-element-7f6daef elementor-widget elementor-widget-heading\" data-id=\"7f6daef\" data-element_type=\"widget\" data-widget_type=\"heading.default\">\n\t\t\t\t\t<h1 class=\"elementor-heading-title elementor-size-default\">About Nexanar<\/h1>\t\t\t\t<\/div>\n\t\t\t\t\t<\/div>\n\t\t\t\t<\/div>\n\t\t<div class=\"elementor-element elementor-element-76b7b7f e-flex e-con-boxed e-con e-parent\" data-id=\"76b7b7f\" data-element_type=\"container\">\n\t\t\t\t\t<div class=\"e-con-inner\">\n\t\t\t\t<div class=\"elementor-element elementor-element-ba731ee elementor-widget elementor-widget-heading\" data-id=\"ba731ee\" data-element_type=\"widget\" data-widget_type=\"heading.default\">\n\t\t\t\t\t<p class=\"elementor-heading-title elementor-size-default\">Nexanar is a global consulting firm that combines technology, strategy, and artificial intelligence to prepare companies for the digital future. We help leadership teams make smarter decisions, accelerate processes, and build sustainable resilience \u2013 in a world that is changing faster than ever before.<\/p>\t\t\t\t<\/div>\n\t\t\t\t\t<\/div>\n\t\t\t\t<\/div>\n\t\t<div class=\"elementor-element elementor-element-ef5cbe7 e-flex e-con-boxed e-con e-parent\" data-id=\"ef5cbe7\" data-element_type=\"container\">\n\t\t\t\t\t<div class=\"e-con-inner\">\n\t\t\t\t<div class=\"elementor-element elementor-element-c717121 elementor-widget elementor-widget-heading\" data-id=\"c717121\" data-element_type=\"widget\" data-widget_type=\"heading.default\">\n\t\t\t\t\t<h2 class=\"elementor-heading-title elementor-size-default\">What sets us apart<\/h2>\t\t\t\t<\/div>\n\t\t\t\t<div class=\"elementor-element elementor-element-d76b694 elementor-widget elementor-widget-heading\" data-id=\"d76b694\" data-element_type=\"widget\" data-widget_type=\"heading.default\">\n\t\t\t\t\t<h2 class=\"elementor-heading-title elementor-size-default\">Nexanar combines the <strong>Experience of leading technology and strategy consultants<\/strong> with the <strong>Agility of a modern tech company<\/strong>Our consulting models are<strong> lean, data-driven and AI-powered<\/strong> \u2013 without unnecessary hierarchies or overhead. Through the integration of<strong> \u2013 without unnecessary hierarchies or overhead. Through the integration of <\/strong>We deliver results faster, more accurately, and more scalably.<\/h2>\t\t\t\t<\/div>\n\t\t\t\t<div class=\"elementor-element elementor-element-5574a1d elementor-widget elementor-widget-heading\" data-id=\"5574a1d\" data-element_type=\"widget\" data-widget_type=\"heading.default\">\n\t\t\t\t\t<p class=\"elementor-heading-title elementor-size-default\">We call this: Intelligent consulting with real impact.<\/p>\t\t\t\t<\/div>\n\t\t\t\t\t<\/div>\n\t\t\t\t<\/div>\n\t\t<div class=\"elementor-element elementor-element-89b5c3c e-flex e-con-boxed e-con e-parent\" data-id=\"89b5c3c\" data-element_type=\"container\">\n\t\t\t\t\t<div class=\"e-con-inner\">\n\t\t\t\t<div class=\"elementor-element elementor-element-5484a7d elementor-widget elementor-widget-heading\" data-id=\"5484a7d\" data-element_type=\"widget\" data-widget_type=\"heading.default\">\n\t\t\t\t\t<h2 class=\"elementor-heading-title elementor-size-default\">Who we work with<\/h2>\t\t\t\t<\/div>\n\t\t\t\t<div class=\"elementor-element elementor-element-9bcde9c elementor-widget elementor-widget-heading\" data-id=\"9bcde9c\" data-element_type=\"widget\" data-widget_type=\"heading.default\">\n\t\t\t\t\t<h2 class=\"elementor-heading-title elementor-size-default\">Our clients are ambitious companies, investors, and organizations seeking growth, efficiency, and future viability. We work across industries \u2013 from<strong> Industry and telecommunications<\/strong> above<strong> Financial services<\/strong> and <strong>Healthcare <\/strong>up to<strong> Technology and the public sector<\/strong>Whether it's a medium-sized company with scaling ambitions or a global corporation facing pressure to innovate \u2013 Nexanar is the partner for the transformation of tomorrow.<\/h2>\t\t\t\t<\/div>\n\t\t\t\t\t<\/div>\n\t\t\t\t<\/div>\n\t\t<div class=\"elementor-element elementor-element-79b8821 e-flex e-con-boxed e-con e-parent\" data-id=\"79b8821\" data-element_type=\"container\">\n\t\t\t\t\t<div class=\"e-con-inner\">\n\t\t<div class=\"elementor-element elementor-element-d809183 e-grid e-con-full e-con e-child\" data-id=\"d809183\" data-element_type=\"container\">\n\t\t\t\t<div class=\"elementor-element elementor-element-3e32e4c elementor-view-default elementor-position-block-start elementor-mobile-position-block-start elementor-widget elementor-widget-icon-box\" data-id=\"3e32e4c\" data-element_type=\"widget\" data-widget_type=\"icon-box.default\">\n\t\t\t\t\t\t\t<div class=\"elementor-icon-box-wrapper\">\n\n\t\t\t\t\t\t<div class=\"elementor-icon-box-icon\">\n\t\t\t\t<span  class=\"elementor-icon\">\n\t\t\t\t<svg aria-hidden=\"true\" class=\"e-font-icon-svg e-fas-industry\" viewbox=\"0 0 512 512\" xmlns=\"http:\/\/www.w3.org\/2000\/svg\"><path d=\"M475.115 163.781L336 252.309v-68.28c0-18.916-20.931-30.399-36.885-20.248L160 252.309V56c0-13.255-10.745-24-24-24H24C10.745 32 0 42.745 0 56v400c0 13.255 10.745 24 24 24h464c13.255 0 24-10.745 24-24V184.029c0-18.917-20.931-30.399-36.885-20.248z\"><\/path><\/svg>\t\t\t\t<\/span>\n\t\t\t<\/div>\n\t\t\t\n\t\t\t\t\t\t<div class=\"elementor-icon-box-content\">\n\n\t\t\t\t\t\t\t\t\t<h3 class=\"elementor-icon-box-title\">\n\t\t\t\t\t\t<span  >\n\t\t\t\t\t\t\tIndustry\t\t\t\t\t\t<\/span>\n\t\t\t\t\t<\/h3>\n\t\t\t\t\n\t\t\t\t\t\t\t\t\t<p class=\"elementor-icon-box-description\">\n\t\t\t\t\t\tManufacturing and industrial.<br>transformation solutions.\t\t\t\t\t<\/p>\n\t\t\t\t\n\t\t\t<\/div>\n\t\t\t\n\t\t<\/div>\n\t\t\t\t\t\t<\/div>\n\t\t\t\t<div class=\"elementor-element elementor-element-a7fc780 elementor-view-default elementor-position-block-start elementor-mobile-position-block-start elementor-widget elementor-widget-icon-box\" data-id=\"a7fc780\" data-element_type=\"widget\" data-widget_type=\"icon-box.default\">\n\t\t\t\t\t\t\t<div class=\"elementor-icon-box-wrapper\">\n\n\t\t\t\t\t\t<div class=\"elementor-icon-box-icon\">\n\t\t\t\t<span  class=\"elementor-icon\">\n\t\t\t\t<svg xmlns=\"http:\/\/www.w3.org\/2000\/svg\" width=\"34\" height=\"34\" viewbox=\"0 0 34 34\" fill=\"none\"><path d=\"M15.878 0.166297L1.26999 6.42689C0.35699 6.81818 -0.151683 7.79639 0.0504818 8.76157C0.252647 9.72674 1.10044 10.4311 2.0917 10.4311V10.9528C2.0917 11.8201 2.78949 12.5179 3.65684 12.5179H29.7427C30.61 12.5179 31.3078 11.8201 31.3078 10.9528V10.4311C32.2991 10.4311 33.1534 9.73327 33.349 8.76157C33.5447 7.78987 33.036 6.81166 32.1295 6.42689L17.5215 0.166297C16.9997 -0.0554323 16.3998 -0.0554323 15.878 0.166297ZM8.35229 14.6048H4.17856V27.4064C4.13943 27.426 4.1003 27.4521 4.06117 27.4781L0.930878 29.565C0.167868 30.0737 -0.177769 31.0258 0.0896105 31.9062C0.35699 32.7866 1.17217 33.3866 2.0917 33.3866H31.3078C32.2273 33.3866 33.036 32.7866 33.3034 31.9062C33.5707 31.0258 33.2316 30.0737 32.4621 29.565L29.3318 27.4781C29.2927 27.4521 29.2535 27.4325 29.2144 27.4064V14.6048H25.0472V27.126H22.4386V14.6048H18.2649V27.126H15.1346V14.6048H10.9609V27.126H8.35229V14.6048ZM16.6997 4.17047C17.2532 4.17047 17.784 4.39033 18.1754 4.7817C18.5667 5.17306 18.7866 5.70386 18.7866 6.25733C18.7866 6.8108 18.5667 7.34161 18.1754 7.73297C17.784 8.12433 17.2532 8.3442 16.6997 8.3442C16.1463 8.3442 15.6155 8.12433 15.2241 7.73297C14.8327 7.34161 14.6129 6.8108 14.6129 6.25733C14.6129 5.70386 14.8327 5.17306 15.2241 4.7817C15.6155 4.39033 16.1463 4.17047 16.6997 4.17047Z\" fill=\"#061A33\"><\/path><\/svg>\t\t\t\t<\/span>\n\t\t\t<\/div>\n\t\t\t\n\t\t\t\t\t\t<div class=\"elementor-icon-box-content\">\n\n\t\t\t\t\t\t\t\t\t<h3 class=\"elementor-icon-box-title\">\n\t\t\t\t\t\t<span  >\n\t\t\t\t\t\t\tFinance\t\t\t\t\t\t<\/span>\n\t\t\t\t\t<\/h3>\n\t\t\t\t\n\t\t\t\t\t\t\t\t\t<p class=\"elementor-icon-box-description\">\n\t\t\t\t\t\tDigital banking and fintech<br>innovation.\t\t\t\t\t<\/p>\n\t\t\t\t\n\t\t\t<\/div>\n\t\t\t\n\t\t<\/div>\n\t\t\t\t\t\t<\/div>\n\t\t\t\t<div class=\"elementor-element elementor-element-de22155 elementor-view-default elementor-position-block-start elementor-mobile-position-block-start elementor-widget elementor-widget-icon-box\" data-id=\"de22155\" data-element_type=\"widget\" data-widget_type=\"icon-box.default\">\n\t\t\t\t\t\t\t<div class=\"elementor-icon-box-wrapper\">\n\n\t\t\t\t\t\t<div class=\"elementor-icon-box-icon\">\n\t\t\t\t<span  class=\"elementor-icon\">\n\t\t\t\t<svg xmlns=\"http:\/\/www.w3.org\/2000\/svg\" width=\"34\" height=\"34\" viewbox=\"0 0 34 34\" fill=\"none\"><path d=\"M11.4778 1.56515C11.4778 0.697795 10.78 0 9.91261 0C9.04525 0 8.34746 0.697795 8.34746 1.56515V4.17373C6.04539 4.17373 4.17373 6.04539 4.17373 8.34746H1.56515C0.697795 8.34746 0 9.04525 0 9.91261C0 10.78 0.697795 11.4778 1.56515 11.4778H4.17373V15.1298H1.56515C0.697795 15.1298 0 15.8276 0 16.6949C0 17.5623 0.697795 18.2601 1.56515 18.2601H4.17373V21.9121H1.56515C0.697795 21.9121 0 22.6099 0 23.4772C0 24.3446 0.697795 25.0424 1.56515 25.0424H4.17373C4.17373 27.3444 6.04539 29.2161 8.34746 29.2161V31.8247C8.34746 32.692 9.04525 33.3898 9.91261 33.3898C10.78 33.3898 11.4778 32.692 11.4778 31.8247V29.2161H15.1298V31.8247C15.1298 32.692 15.8276 33.3898 16.6949 33.3898C17.5623 33.3898 18.2601 32.692 18.2601 31.8247V29.2161H21.9121V31.8247C21.9121 32.692 22.6099 33.3898 23.4772 33.3898C24.3446 33.3898 25.0424 32.692 25.0424 31.8247V29.2161C27.3444 29.2161 29.2161 27.3444 29.2161 25.0424H31.8247C32.692 25.0424 33.3898 24.3446 33.3898 23.4772C33.3898 22.6099 32.692 21.9121 31.8247 21.9121H29.2161V18.2601H31.8247C32.692 18.2601 33.3898 17.5623 33.3898 16.6949C33.3898 15.8276 32.692 15.1298 31.8247 15.1298H29.2161V11.4778H31.8247C32.692 11.4778 33.3898 10.78 33.3898 9.91261C33.3898 9.04525 32.692 8.34746 31.8247 8.34746H29.2161C29.2161 6.04539 27.3444 4.17373 25.0424 4.17373V1.56515C25.0424 0.697795 24.3446 0 23.4772 0C22.6099 0 21.9121 0.697795 21.9121 1.56515V4.17373H18.2601V1.56515C18.2601 0.697795 17.5623 0 16.6949 0C15.8276 0 15.1298 0.697795 15.1298 1.56515V4.17373H11.4778V1.56515ZM10.4343 8.34746H22.9555C24.1098 8.34746 25.0424 9.28003 25.0424 10.4343V22.9555C25.0424 24.1098 24.1098 25.0424 22.9555 25.0424H10.4343C9.28003 25.0424 8.34746 24.1098 8.34746 22.9555V10.4343C8.34746 9.28003 9.28003 8.34746 10.4343 8.34746ZM22.9555 10.4343H10.4343V22.9555H22.9555V10.4343Z\" fill=\"#061A33\"><\/path><\/svg>\t\t\t\t<\/span>\n\t\t\t<\/div>\n\t\t\t\n\t\t\t\t\t\t<div class=\"elementor-icon-box-content\">\n\n\t\t\t\t\t\t\t\t\t<h3 class=\"elementor-icon-box-title\">\n\t\t\t\t\t\t<span  >\n\t\t\t\t\t\t\tTech\t\t\t\t\t\t<\/span>\n\t\t\t\t\t<\/h3>\n\t\t\t\t\n\t\t\t\t\t\t\t\t\t<p class=\"elementor-icon-box-description\">\n\t\t\t\t\t\tCutting-edge technology<br>implementation.\t\t\t\t\t<\/p>\n\t\t\t\t\n\t\t\t<\/div>\n\t\t\t\n\t\t<\/div>\n\t\t\t\t\t\t<\/div>\n\t\t\t\t<div class=\"elementor-element elementor-element-279d3c0 elementor-view-default elementor-position-block-start elementor-mobile-position-block-start elementor-widget elementor-widget-icon-box\" data-id=\"279d3c0\" data-element_type=\"widget\" data-widget_type=\"icon-box.default\">\n\t\t\t\t\t\t\t<div class=\"elementor-icon-box-wrapper\">\n\n\t\t\t\t\t\t<div class=\"elementor-icon-box-icon\">\n\t\t\t\t<span  class=\"elementor-icon\">\n\t\t\t\t<svg aria-hidden=\"true\" class=\"e-font-icon-svg e-fas-heartbeat\" viewbox=\"0 0 512 512\" xmlns=\"http:\/\/www.w3.org\/2000\/svg\"><path d=\"M320.2 243.8l-49.7 99.4c-6 12.1-23.4 11.7-28.9-.6l-56.9-126.3-30 71.7H60.6l182.5 186.5c7.1 7.3 18.6 7.3 25.7 0L451.4 288H342.3l-22.1-44.2zM473.7 73.9l-2.4-2.5c-51.5-52.6-135.8-52.6-187.4 0L256 100l-27.9-28.5c-51.5-52.7-135.9-52.7-187.4 0l-2.4 2.4C-10.4 123.7-12.5 203 31 256h102.4l35.9-86.2c5.4-12.9 23.6-13.2 29.4-.4l58.2 129.3 49-97.9c5.9-11.8 22.7-11.8 28.6 0l27.6 55.2H481c43.5-53 41.4-132.3-7.3-182.1z\"><\/path><\/svg>\t\t\t\t<\/span>\n\t\t\t<\/div>\n\t\t\t\n\t\t\t\t\t\t<div class=\"elementor-icon-box-content\">\n\n\t\t\t\t\t\t\t\t\t<h3 class=\"elementor-icon-box-title\">\n\t\t\t\t\t\t<span  >\n\t\t\t\t\t\t\tHealthcare\t\t\t\t\t\t<\/span>\n\t\t\t\t\t<\/h3>\n\t\t\t\t\n\t\t\t\t\t\t\t\t\t<p class=\"elementor-icon-box-description\">\n\t\t\t\t\t\tHealthcare <br>AI-driven healthcare technology\t\t\t\t\t<\/p>\n\t\t\t\t\n\t\t\t<\/div>\n\t\t\t\n\t\t<\/div>\n\t\t\t\t\t\t<\/div>\n\t\t\t\t<div class=\"elementor-element elementor-element-a504bfa elementor-view-default elementor-position-block-start elementor-mobile-position-block-start elementor-widget elementor-widget-icon-box\" data-id=\"a504bfa\" data-element_type=\"widget\" data-widget_type=\"icon-box.default\">\n\t\t\t\t\t\t\t<div class=\"elementor-icon-box-wrapper\">\n\n\t\t\t\t\t\t<div class=\"elementor-icon-box-icon\">\n\t\t\t\t<span  class=\"elementor-icon\">\n\t\t\t\t<svg aria-hidden=\"true\" class=\"e-font-icon-svg e-fas-signal\" viewbox=\"0 0 640 512\" xmlns=\"http:\/\/www.w3.org\/2000\/svg\"><path d=\"M216 288h-48c-8.84 0-16 7.16-16 16v192c0 8.84 7.16 16 16 16h48c8.84 0 16-7.16 16-16V304c0-8.84-7.16-16-16-16zM88 384H40c-8.84 0-16 7.16-16 16v96c0 8.84 7.16 16 16 16h48c8.84 0 16-7.16 16-16v-96c0-8.84-7.16-16-16-16zm256-192h-48c-8.84 0-16 7.16-16 16v288c0 8.84 7.16 16 16 16h48c8.84 0 16-7.16 16-16V208c0-8.84-7.16-16-16-16zm128-96h-48c-8.84 0-16 7.16-16 16v384c0 8.84 7.16 16 16 16h48c8.84 0 16-7.16 16-16V112c0-8.84-7.16-16-16-16zM600 0h-48c-8.84 0-16 7.16-16 16v480c0 8.84 7.16 16 16 16h48c8.84 0 16-7.16 16-16V16c0-8.84-7.16-16-16-16z\"><\/path><\/svg>\t\t\t\t<\/span>\n\t\t\t<\/div>\n\t\t\t\n\t\t\t\t\t\t<div class=\"elementor-icon-box-content\">\n\n\t\t\t\t\t\t\t\t\t<h3 class=\"elementor-icon-box-title\">\n\t\t\t\t\t\t<span  >\n\t\t\t\t\t\t\tTelecom\t\t\t\t\t\t<\/span>\n\t\t\t\t\t<\/h3>\n\t\t\t\t\n\t\t\t\t\t\t\t\t\t<p class=\"elementor-icon-box-description\">\n\t\t\t\t\t\tNext-generation telecommunications<br>infrastructure.\t\t\t\t\t<\/p>\n\t\t\t\t\n\t\t\t<\/div>\n\t\t\t\n\t\t<\/div>\n\t\t\t\t\t\t<\/div>\n\t\t\t\t<div class=\"elementor-element elementor-element-d00e27a elementor-view-default elementor-position-block-start elementor-mobile-position-block-start elementor-widget elementor-widget-icon-box\" data-id=\"d00e27a\" data-element_type=\"widget\" data-widget_type=\"icon-box.default\">\n\t\t\t\t\t\t\t<div class=\"elementor-icon-box-wrapper\">\n\n\t\t\t\t\t\t<div class=\"elementor-icon-box-icon\">\n\t\t\t\t<span  class=\"elementor-icon\">\n\t\t\t\t<svg aria-hidden=\"true\" class=\"e-font-icon-svg e-fas-university\" viewbox=\"0 0 512 512\" xmlns=\"http:\/\/www.w3.org\/2000\/svg\"><path d=\"M496 128v16a8 8 0 0 1-8 8h-24v12c0 6.627-5.373 12-12 12H60c-6.627 0-12-5.373-12-12v-12H24a8 8 0 0 1-8-8v-16a8 8 0 0 1 4.941-7.392l232-88a7.996 7.996 0 0 1 6.118 0l232 88A8 8 0 0 1 496 128zm-24 304H40c-13.255 0-24 10.745-24 24v16a8 8 0 0 0 8 8h464a8 8 0 0 0 8-8v-16c0-13.255-10.745-24-24-24zM96 192v192H60c-6.627 0-12 5.373-12 12v20h416v-20c0-6.627-5.373-12-12-12h-36V192h-64v192h-64V192h-64v192h-64V192H96z\"><\/path><\/svg>\t\t\t\t<\/span>\n\t\t\t<\/div>\n\t\t\t\n\t\t\t\t\t\t<div class=\"elementor-icon-box-content\">\n\n\t\t\t\t\t\t\t\t\t<h3 class=\"elementor-icon-box-title\">\n\t\t\t\t\t\t<span  >\n\t\t\t\t\t\t\tPublic\t\t\t\t\t\t<\/span>\n\t\t\t\t\t<\/h3>\n\t\t\t\t\n\t\t\t\t\t\t\t\t\t<p class=\"elementor-icon-box-description\">\n\t\t\t\t\t\tGovernment and public sector\t\t\t\t\t<\/p>\n\t\t\t\t\n\t\t\t<\/div>\n\t\t\t\n\t\t<\/div>\n\t\t\t\t\t\t<\/div>\n\t\t\t\t<\/div>\n\t\t\t\t\t<\/div>\n\t\t\t\t<\/div>\n\t\t<div class=\"elementor-element elementor-element-1239e37 e-flex e-con-boxed e-con e-parent\" data-id=\"1239e37\" data-element_type=\"container\" data-settings=\"{&quot;background_background&quot;:&quot;classic&quot;}\">\n\t\t\t\t\t<div class=\"e-con-inner\">\n\t\t\t\t<div class=\"elementor-element elementor-element-faddb25 elementor-widget elementor-widget-heading\" data-id=\"faddb25\" data-element_type=\"widget\" data-widget_type=\"heading.default\">\n\t\t\t\t\t<h2 class=\"elementor-heading-title elementor-size-default\">A new model \u2013 designed for today's world.<\/h2>\t\t\t\t<\/div>\n\t\t\t\t<div class=\"elementor-element elementor-element-d9a8535 elementor-widget elementor-widget-heading\" data-id=\"d9a8535\" data-element_type=\"widget\" data-widget_type=\"heading.default\">\n\t\t\t\t\t<h2 class=\"elementor-heading-title elementor-size-default\">Nexanar steht f\u00fcr eine neue Generation von Unternehmensberatung: Erfahrung als Fundament, KI als Antrieb, Zukunft als Ziel.  Unsere Teams vereinen strategisches Denken, technologische Exzellenz und operative Umsetzungskraft \u2013 alles fokussiert auf messbare Ergebnisse. So entsteht Beratung, die nicht nur empfiehlt, sondern ver\u00e4ndert.<\/h2>\t\t\t\t<\/div>\n\t\t\t\t\t<\/div>\n\t\t\t\t<\/div>\n\t\t\t\t<\/div>","protected":false},"excerpt":{"rendered":"<p>\u00dcber Nexanar Nexanar ist ein global t\u00e4tiges Beratungsunternehmen, das Technologie, Strategie und k\u00fcnstliche Intelligenz vereint, um Unternehmen fit f\u00fcr die digitale Zukunft zu machen. Wir unterst\u00fctzen F\u00fchrungsteams dabei, smartere Entscheidungen zu treffen, Prozesse zu beschleunigen und nachhaltige Resilienz aufzubauen \u2013 in einer Welt, die sich schneller ver\u00e4ndert als je zuvor. Was uns unterscheidet Nexanar kombiniert [&hellip;]<\/p>","protected":false},"author":2,"featured_media":0,"parent":0,"menu_order":0,"comment_status":"closed","ping_status":"closed","template":"","meta":{"footnotes":""},"class_list":["post-284","page","type-page","status-publish","hentry"],"_hostinger_reach_plugin_has_subscription_block":false,"_hostinger_reach_plugin_is_elementor":false,"_links":{"self":[{"href":"https:\/\/new.metrosafetyelevators.com\/en\/wp-json\/wp\/v2\/pages\/284","targetHints":{"allow":["GET"]}}],"collection":[{"href":"https:\/\/new.metrosafetyelevators.com\/en\/wp-json\/wp\/v2\/pages"}],"about":[{"href":"https:\/\/new.metrosafetyelevators.com\/en\/wp-json\/wp\/v2\/types\/page"}],"author":[{"embeddable":true,"href":"https:\/\/new.metrosafetyelevators.com\/en\/wp-json\/wp\/v2\/users\/2"}],"replies":[{"embeddable":true,"href":"https:\/\/new.metrosafetyelevators.com\/en\/wp-json\/wp\/v2\/comments?post=284"}],"version-history":[{"count":165,"href":"https:\/\/new.metrosafetyelevators.com\/en\/wp-json\/wp\/v2\/pages\/284\/revisions"}],"predecessor-version":[{"id":2110,"href":"https:\/\/new.metrosafetyelevators.com\/en\/wp-json\/wp\/v2\/pages\/284\/revisions\/2110"}],"wp:attachment":[{"href":"https:\/\/new.metrosafetyelevators.com\/en\/wp-json\/wp\/v2\/media?parent=284"}],"curies":[{"name":"wp","href":"https:\/\/api.w.org\/{rel}","templated":true}]}}