{"id":254,"date":"2025-12-12T04:13:17","date_gmt":"2025-12-12T04:13:17","guid":{"rendered":"https:\/\/new.metrosafetyelevators.com\/?page_id=254"},"modified":"2025-12-18T05:42:56","modified_gmt":"2025-12-18T05:42:56","slug":"nutzungsrichtlinien","status":"publish","type":"page","link":"https:\/\/new.metrosafetyelevators.com\/en\/nutzungsrichtlinien\/","title":{"rendered":"Usage Policies"},"content":{"rendered":"<div data-elementor-type=\"wp-page\" data-elementor-id=\"254\" class=\"elementor elementor-254\">\n\t\t\t\t<div class=\"elementor-element elementor-element-8c05d3f e-flex e-con-boxed e-con e-parent\" data-id=\"8c05d3f\" data-element_type=\"container\" data-settings=\"{&quot;background_background&quot;:&quot;classic&quot;}\">\n\t\t\t\t\t<div class=\"e-con-inner\">\n\t\t\t\t<div class=\"elementor-element elementor-element-7f6daef elementor-widget elementor-widget-heading\" data-id=\"7f6daef\" data-element_type=\"widget\" data-widget_type=\"heading.default\">\n\t\t\t\t\t<h1 class=\"elementor-heading-title elementor-size-default\">Usage Policies<\/h1>\t\t\t\t<\/div>\n\t\t\t\t\t<\/div>\n\t\t\t\t<\/div>\n\t\t<div class=\"elementor-element elementor-element-78b7504 e-flex e-con-boxed e-con e-parent\" data-id=\"78b7504\" data-element_type=\"container\">\n\t\t\t\t\t<div class=\"e-con-inner\">\n\t\t\t\t<div class=\"elementor-element elementor-element-97d3b3b elementor-widget elementor-widget-heading\" data-id=\"97d3b3b\" data-element_type=\"widget\" data-widget_type=\"heading.default\">\n\t\t\t\t\t<p class=\"elementor-heading-title elementor-size-default\">The protection of personal data is very important to us. We do not collect any personal data (such as names, addresses, telephone numbers or email addresses) via our websites unless you voluntarily provide us with such data during registration, have consented to its collection when making inquiries, or if the relevant data protection regulations permit it.<\/p>\t\t\t\t<\/div>\n\t\t\t\t<div class=\"elementor-element elementor-element-8414fa2 elementor-widget elementor-widget-heading\" data-id=\"8414fa2\" data-element_type=\"widget\" data-widget_type=\"heading.default\">\n\t\t\t\t\t<p class=\"elementor-heading-title elementor-size-default\">Our website contains links to external websites of third parties. However, linking to external websites does not imply that we endorse the content behind the link. We have no influence on the current or future design or content of the linked websites. Therefore, we cannot assume any liability for this external content. The respective provider or operator of the linked pages is always responsible for their content. When initially linking to these external websites, we reviewed their content for any potential legal violations. At that time, no legal violations were apparent. However, we cannot continuously monitor external websites. Upon becoming aware of any illegal content, we will remove such links immediately.<\/p>\t\t\t\t<\/div>\n\t\t\t\t<div class=\"elementor-element elementor-element-afbf3b8 elementor-widget elementor-widget-heading\" data-id=\"afbf3b8\" data-element_type=\"widget\" data-widget_type=\"heading.default\">\n\t\t\t\t\t<p class=\"elementor-heading-title elementor-size-default\">All elements (texts, images, graphics, animations) of this website are protected by copyright. In particular, the terms Interactive Strategy Models\u00ae, Strategic Anticipation\u00ae, Strategic Choice Analysis\u00ae, and Value Migration\u00ae are registered trademarks of Oliver Wyman Inc., Delaware, USA. Oliver Wyman Inc. has also applied for trademark registration for the terms Value Net Design SM and Choiceboard SM.<\/p>\t\t\t\t<\/div>\n\t\t\t\t<div class=\"elementor-element elementor-element-4d9a5b8 elementor-widget elementor-widget-heading\" data-id=\"4d9a5b8\" data-element_type=\"widget\" data-widget_type=\"heading.default\">\n\t\t\t\t\t<p class=\"elementor-heading-title elementor-size-default\">Users may access, view, download, and print the content of this website solely for personal and non-commercial purposes, provided that the content is not altered and that all copyright and other proprietary notices are not removed. Furthermore, users may not use the content of this website without the written consent of Oliver Wyman, and in particular may not reproduce, distribute, or disseminate it, either in whole or in part.<\/p>\t\t\t\t<\/div>\n\t\t\t\t<div class=\"elementor-element elementor-element-6613e35 elementor-widget elementor-widget-heading\" data-id=\"6613e35\" data-element_type=\"widget\" data-widget_type=\"heading.default\">\n\t\t\t\t\t<p class=\"elementor-heading-title elementor-size-default\">Notwithstanding the above, members of the press are entitled to quote a copy of a graphic or a text excerpt of a maximum of two paragraphs from the website, provided that the text is credited with \"Source: Oliver Wyman\" and the graphics with \"Copyright: Oliver Wyman\".<\/p>\t\t\t\t<\/div>\n\t\t\t\t<div class=\"elementor-element elementor-element-891180d elementor-widget elementor-widget-heading\" data-id=\"891180d\" data-element_type=\"widget\" data-widget_type=\"heading.default\">\n\t\t\t\t\t<p class=\"elementor-heading-title elementor-size-default\">Should you share ideas, concepts, know-how, techniques, or other such information with us via this website, we are entitled to use it without restriction, comprehensively, and for any purpose. Unless expressly agreed upon in writing beforehand, Oliver Wyman is not obligated to treat such information confidentially. Any statutory confidentiality obligations remain unaffected.<\/p>\t\t\t\t<\/div>\n\t\t\t\t\t<\/div>\n\t\t\t\t<\/div>\n\t\t\t\t<\/div>","protected":false},"excerpt":{"rendered":"<p>Nutzungsrichtlinien Der Schutz personenbezogener Daten ist uns ein wichtiges Anliegen. \u00dcber unsere Websites erfassen wir keinerlei personenbezogene Daten (zum Beispiel Namen, Anschriften, Telefonnummern oder E-Mail-Adressen), au\u00dfer wenn Sie uns solche Daten bei der Registrierung freiwillig zur Verf\u00fcgung stellen oder bei Anfragen in die Erhebung eingewilligt haben oder wenn die entsprechenden Rechtsvorschriften \u00fcber den Schutz Ihrer [&hellip;]<\/p>","protected":false},"author":2,"featured_media":0,"parent":0,"menu_order":0,"comment_status":"closed","ping_status":"closed","template":"","meta":{"footnotes":""},"class_list":["post-254","page","type-page","status-publish","hentry"],"_hostinger_reach_plugin_has_subscription_block":false,"_hostinger_reach_plugin_is_elementor":false,"_links":{"self":[{"href":"https:\/\/new.metrosafetyelevators.com\/en\/wp-json\/wp\/v2\/pages\/254","targetHints":{"allow":["GET"]}}],"collection":[{"href":"https:\/\/new.metrosafetyelevators.com\/en\/wp-json\/wp\/v2\/pages"}],"about":[{"href":"https:\/\/new.metrosafetyelevators.com\/en\/wp-json\/wp\/v2\/types\/page"}],"author":[{"embeddable":true,"href":"https:\/\/new.metrosafetyelevators.com\/en\/wp-json\/wp\/v2\/users\/2"}],"replies":[{"embeddable":true,"href":"https:\/\/new.metrosafetyelevators.com\/en\/wp-json\/wp\/v2\/comments?post=254"}],"version-history":[{"count":31,"href":"https:\/\/new.metrosafetyelevators.com\/en\/wp-json\/wp\/v2\/pages\/254\/revisions"}],"predecessor-version":[{"id":1893,"href":"https:\/\/new.metrosafetyelevators.com\/en\/wp-json\/wp\/v2\/pages\/254\/revisions\/1893"}],"wp:attachment":[{"href":"https:\/\/new.metrosafetyelevators.com\/en\/wp-json\/wp\/v2\/media?parent=254"}],"curies":[{"name":"wp","href":"https:\/\/api.w.org\/{rel}","templated":true}]}}