{"id":235,"date":"2025-12-12T04:19:05","date_gmt":"2025-12-12T04:19:05","guid":{"rendered":"https:\/\/new.metrosafetyelevators.com\/?page_id=235"},"modified":"2025-12-18T04:36:42","modified_gmt":"2025-12-18T04:36:42","slug":"datenschutz","status":"publish","type":"page","link":"https:\/\/new.metrosafetyelevators.com\/en\/datenschutz\/","title":{"rendered":"Datenschutz"},"content":{"rendered":"<div data-elementor-type=\"wp-page\" data-elementor-id=\"235\" class=\"elementor elementor-235\">\n\t\t\t\t<div class=\"elementor-element elementor-element-8c05d3f e-flex e-con-boxed e-con e-parent\" data-id=\"8c05d3f\" data-element_type=\"container\" data-settings=\"{&quot;background_background&quot;:&quot;classic&quot;}\">\n\t\t\t\t\t<div class=\"e-con-inner\">\n\t\t\t\t<div class=\"elementor-element elementor-element-7f6daef elementor-widget elementor-widget-heading\" data-id=\"7f6daef\" data-element_type=\"widget\" data-widget_type=\"heading.default\">\n\t\t\t\t\t<h1 class=\"elementor-heading-title elementor-size-default\">Datenschutz<\/h1>\t\t\t\t<\/div>\n\t\t\t\t\t<\/div>\n\t\t\t\t<\/div>\n\t\t<div class=\"elementor-element elementor-element-78b7504 e-flex e-con-boxed e-con e-parent\" data-id=\"78b7504\" data-element_type=\"container\">\n\t\t\t\t\t<div class=\"e-con-inner\">\n\t\t\t\t<div class=\"elementor-element elementor-element-3b04177 elementor-widget elementor-widget-heading\" data-id=\"3b04177\" data-element_type=\"widget\" data-widget_type=\"heading.default\">\n\t\t\t\t\t<h2 class=\"elementor-heading-title elementor-size-default\">Personal Data<\/h2>\t\t\t\t<\/div>\n\t\t\t\t<div class=\"elementor-element elementor-element-97d3b3b elementor-widget elementor-widget-heading\" data-id=\"97d3b3b\" data-element_type=\"widget\" data-widget_type=\"heading.default\">\n\t\t\t\t\t<p class=\"elementor-heading-title elementor-size-default\">The protection of personal data is very important to us. We do not collect any personal data (such as names, addresses, telephone numbers or email addresses) via our websites unless you voluntarily provide us with such data during registration, have consented to its collection when making inquiries, or if the relevant data protection regulations permit it.<\/p>\t\t\t\t<\/div>\n\t\t\t\t\t<\/div>\n\t\t\t\t<\/div>\n\t\t<div class=\"elementor-element elementor-element-a1b94a4 e-flex e-con-boxed e-con e-parent\" data-id=\"a1b94a4\" data-element_type=\"container\">\n\t\t\t\t\t<div class=\"e-con-inner\">\n\t\t\t\t<div class=\"elementor-element elementor-element-29a3aae elementor-widget elementor-widget-heading\" data-id=\"29a3aae\" data-element_type=\"widget\" data-widget_type=\"heading.default\">\n\t\t\t\t\t<h3 class=\"elementor-heading-title elementor-size-default\">Purpose<\/h3>\t\t\t\t<\/div>\n\t\t\t\t<div class=\"elementor-element elementor-element-74471f8 elementor-widget elementor-widget-heading\" data-id=\"74471f8\" data-element_type=\"widget\" data-widget_type=\"heading.default\">\n\t\t\t\t\t<p class=\"elementor-heading-title elementor-size-default\">We use the personal data you provide to answer your inquiries, process your orders, or grant you access to specific information or offers. We treat your personal data confidentially and use it only for the purpose for which you provided it to us or for which you have given your consent. It will not be used for advertising purposes and will not be shared with third parties. All persons who come into contact with your data are obligated to comply with data protection regulations. We reserve the right to statistically analyze anonymized data sets. In this case, tracing and assigning the data to a specific individual is not possible with reasonable effort.<\/p>\t\t\t\t<\/div>\n\t\t\t\t\t<\/div>\n\t\t\t\t<\/div>\n\t\t<div class=\"elementor-element elementor-element-2b4ddfc e-flex e-con-boxed e-con e-parent\" data-id=\"2b4ddfc\" data-element_type=\"container\">\n\t\t\t\t\t<div class=\"e-con-inner\">\n\t\t\t\t<div class=\"elementor-element elementor-element-3e3550d elementor-widget elementor-widget-heading\" data-id=\"3e3550d\" data-element_type=\"widget\" data-widget_type=\"heading.default\">\n\t\t\t\t\t<h3 class=\"elementor-heading-title elementor-size-default\">Logging<\/h3>\t\t\t\t<\/div>\n\t\t\t\t<div class=\"elementor-element elementor-element-b30dbdc elementor-widget elementor-widget-heading\" data-id=\"b30dbdc\" data-element_type=\"widget\" data-widget_type=\"heading.default\">\n\t\t\t\t\t<p class=\"elementor-heading-title elementor-size-default\">Communication or usage-related information: Every time our servers are accessed, data such as IP address, date, and time of visits are stored for statistical and security purposes. This data is anonymized immediately after collection and before storage. A statistical analysis of anonymized data sets is performed to analyze and improve our services. No personal data is processed in this process. We reserve the right, in cases of serious violations of our terms of use and unauthorized access or attempted access to our servers, to use individual data records to trace the activity back to personal data.<\/p>\t\t\t\t<\/div>\n\t\t\t\t<div class=\"elementor-element elementor-element-efc6359 elementor-widget elementor-widget-heading\" data-id=\"efc6359\" data-element_type=\"widget\" data-widget_type=\"heading.default\">\n\t\t\t\t\t<p class=\"elementor-heading-title elementor-size-default\">Automatically collected non-personal data:<br>When you access our websites, information that is not personally identifiable (such as the internet browser and operating system used, the domain name of the website from which you came, the number of visits, the average time spent on the site, and the pages viewed) is occasionally collected automatically (i.e., without registration). We use this information to determine the attractiveness of our websites and to improve their performance and content.<\/p>\t\t\t\t<\/div>\n\t\t\t\t\t<\/div>\n\t\t\t\t<\/div>\n\t\t<div class=\"elementor-element elementor-element-dd5e4fa e-flex e-con-boxed e-con e-parent\" data-id=\"dd5e4fa\" data-element_type=\"container\">\n\t\t\t\t\t<div class=\"e-con-inner\">\n\t\t<div class=\"elementor-element elementor-element-de38df9 e-con-full e-flex e-con e-child\" data-id=\"de38df9\" data-element_type=\"container\">\n\t\t\t\t<div class=\"elementor-element elementor-element-1ec6ac1 elementor-widget elementor-widget-heading\" data-id=\"1ec6ac1\" data-element_type=\"widget\" data-widget_type=\"heading.default\">\n\t\t\t\t\t<h3 class=\"elementor-heading-title elementor-size-default\">Cookies<\/h3>\t\t\t\t<\/div>\n\t\t\t\t<div class=\"elementor-element elementor-element-0af39b9 elementor-widget elementor-widget-heading\" data-id=\"0af39b9\" data-element_type=\"widget\" data-widget_type=\"heading.default\">\n\t\t\t\t\t<p class=\"elementor-heading-title elementor-size-default\">When you visit one of our websites, we may store information on your computer in the form of a \"cookie,\" which will automatically recognize it on your next visit. Cookies are small text files that are stored on your computer and allow us, for example, to tailor a website to your interests or to save your password so you don't have to re-enter it each time. If you do not want us to recognize your computer, please configure your internet browser to delete cookies from your hard drive, block all cookies, or warn you before a cookie is stored. However, please note that this may prevent you from fully using all the functions of our website.<\/p>\t\t\t\t<\/div>\n\t\t\t\t<\/div>\n\t\t\t\t\t<\/div>\n\t\t\t\t<\/div>\n\t\t<div class=\"elementor-element elementor-element-734d085 e-flex e-con-boxed e-con e-parent\" data-id=\"734d085\" data-element_type=\"container\">\n\t\t\t\t\t<div class=\"e-con-inner\">\n\t\t<div class=\"elementor-element elementor-element-1583b8d e-con-full e-flex e-con e-child\" data-id=\"1583b8d\" data-element_type=\"container\">\n\t\t\t\t<div class=\"elementor-element elementor-element-12a923a elementor-widget elementor-widget-heading\" data-id=\"12a923a\" data-element_type=\"widget\" data-widget_type=\"heading.default\">\n\t\t\t\t\t<h2 class=\"elementor-heading-title elementor-size-default\">Use of Google Analytics<\/h2>\t\t\t\t<\/div>\n\t\t<div class=\"elementor-element elementor-element-2704adc e-con-full e-flex e-con e-child\" data-id=\"2704adc\" data-element_type=\"container\">\n\t\t\t\t<div class=\"elementor-element elementor-element-392ec00 elementor-widget elementor-widget-heading\" data-id=\"392ec00\" data-element_type=\"widget\" data-widget_type=\"heading.default\">\n\t\t\t\t\t<p class=\"elementor-heading-title elementor-size-default\">Our website uses Google Analytics, a web analytics service provided by Google Inc. (\"Google\"). Google Analytics uses \"cookies,\" which are text files placed on your computer, to help the website analyze how users use the site. The information generated by the cookie about your use of the website will generally be transmitted to and stored by Google on servers in the United States. We have activated IP anonymization.On this website, your IP address is therefore shortened by Google within member states of the European Union or in other contracting states of the Agreement on the European Economic Area. Only in exceptional cases will the full IP address be transmitted to a Google server in the USA and shortened there. On our behalf, Google will use this information to evaluate your use of the website, to compile reports on website activity, and to provide us with other services relating to website activity and internet usage. The IP address transmitted by your browser as part of Google Analytics will not be merged with other Google data. You can prevent the storage of cookies by adjusting your browser settings; however, please note that this may prevent you from fully using all the functions of our website.<\/p>\t\t\t\t<\/div>\n\t\t\t\t<div class=\"elementor-element elementor-element-5fadd78 elementor-widget elementor-widget-heading\" data-id=\"5fadd78\" data-element_type=\"widget\" data-widget_type=\"heading.default\">\n\t\t\t\t\t<p class=\"elementor-heading-title elementor-size-default\">Furthermore, you can prevent Google from collecting and storing the data generated by the cookie (including your IP address) and from processing this data by downloading and installing the browser plugin available at the following link:<strong>\u00a0http:\/\/tools.google.com\/dlpage\/gaoptout?hl=de.<\/strong><\/p>\t\t\t\t<\/div>\n\t\t\t\t<\/div>\n\t\t\t\t<\/div>\n\t\t\t\t\t<\/div>\n\t\t\t\t<\/div>\n\t\t<div class=\"elementor-element elementor-element-7efecf6 e-flex e-con-boxed e-con e-parent\" data-id=\"7efecf6\" data-element_type=\"container\">\n\t\t\t\t\t<div class=\"e-con-inner\">\n\t\t\t\t<div class=\"elementor-element elementor-element-1d20130 elementor-widget elementor-widget-heading\" data-id=\"1d20130\" data-element_type=\"widget\" data-widget_type=\"heading.default\">\n\t\t\t\t\t<h2 class=\"elementor-heading-title elementor-size-default\">Security<\/h2>\t\t\t\t<\/div>\n\t\t\t\t<div class=\"elementor-element elementor-element-656c6c2 elementor-widget elementor-widget-heading\" data-id=\"656c6c2\" data-element_type=\"widget\" data-widget_type=\"heading.default\">\n\t\t\t\t\t<p class=\"elementor-heading-title elementor-size-default\">Oliver Wyman takes technical and organizational security measures to protect your personal data against accidental or unlawful deletion, alteration, or loss, and against unauthorized disclosure or access. In the \"Careers\/Apply Online\" section, all data and attached files are transmitted in encrypted form.<\/p>\t\t\t\t<\/div>\n\t\t\t\t\t<\/div>\n\t\t\t\t<\/div>\n\t\t<div class=\"elementor-element elementor-element-bd23962 e-flex e-con-boxed e-con e-parent\" data-id=\"bd23962\" data-element_type=\"container\">\n\t\t\t\t\t<div class=\"e-con-inner\">\n\t\t\t\t<div class=\"elementor-element elementor-element-ee9f47b elementor-widget elementor-widget-heading\" data-id=\"ee9f47b\" data-element_type=\"widget\" data-widget_type=\"heading.default\">\n\t\t\t\t\t<h2 class=\"elementor-heading-title elementor-size-default\">Right to information<\/h2>\t\t\t\t<\/div>\n\t\t\t\t<div class=\"elementor-element elementor-element-2d1538e elementor-widget elementor-widget-heading\" data-id=\"2d1538e\" data-element_type=\"widget\" data-widget_type=\"heading.default\">\n\t\t\t\t\t<p class=\"elementor-heading-title elementor-size-default\">Every user of this service has a comprehensive right to information about the data we store about them.\n<\/p>\t\t\t\t<\/div>\n\t\t\t\t\t<\/div>\n\t\t\t\t<\/div>\n\t\t\t\t<\/div>","protected":false},"excerpt":{"rendered":"<p>Datenschutz Personenbezogene Daten\u2028 Der Schutz personenbezogener Daten ist uns ein wichtiges Anliegen. \u00dcber unsere Websites erfassen wir keinerlei personenbezogene Daten (zum Beispiel Namen, Anschriften, Telefonnummern oder E-Mail-Adressen), au\u00dfer wenn Sie uns solche Daten bei der Registrierung freiwillig zur Verf\u00fcgung stellen oder bei Anfragen in die Erhebung eingewilligt haben oder wenn die entsprechenden Rechtsvorschriften \u00fcber den [&hellip;]<\/p>","protected":false},"author":2,"featured_media":0,"parent":0,"menu_order":0,"comment_status":"closed","ping_status":"closed","template":"","meta":{"footnotes":""},"class_list":["post-235","page","type-page","status-publish","hentry"],"_hostinger_reach_plugin_has_subscription_block":false,"_hostinger_reach_plugin_is_elementor":false,"_links":{"self":[{"href":"https:\/\/new.metrosafetyelevators.com\/en\/wp-json\/wp\/v2\/pages\/235","targetHints":{"allow":["GET"]}}],"collection":[{"href":"https:\/\/new.metrosafetyelevators.com\/en\/wp-json\/wp\/v2\/pages"}],"about":[{"href":"https:\/\/new.metrosafetyelevators.com\/en\/wp-json\/wp\/v2\/types\/page"}],"author":[{"embeddable":true,"href":"https:\/\/new.metrosafetyelevators.com\/en\/wp-json\/wp\/v2\/users\/2"}],"replies":[{"embeddable":true,"href":"https:\/\/new.metrosafetyelevators.com\/en\/wp-json\/wp\/v2\/comments?post=235"}],"version-history":[{"count":61,"href":"https:\/\/new.metrosafetyelevators.com\/en\/wp-json\/wp\/v2\/pages\/235\/revisions"}],"predecessor-version":[{"id":1857,"href":"https:\/\/new.metrosafetyelevators.com\/en\/wp-json\/wp\/v2\/pages\/235\/revisions\/1857"}],"wp:attachment":[{"href":"https:\/\/new.metrosafetyelevators.com\/en\/wp-json\/wp\/v2\/media?parent=235"}],"curies":[{"name":"wp","href":"https:\/\/api.w.org\/{rel}","templated":true}]}}