{"id":10,"date":"2025-12-11T09:17:11","date_gmt":"2025-12-11T09:17:11","guid":{"rendered":"https:\/\/new.metrosafetyelevators.com\/?page_id=10"},"modified":"2026-01-05T04:04:24","modified_gmt":"2026-01-05T04:04:24","slug":"home","status":"publish","type":"page","link":"https:\/\/new.metrosafetyelevators.com\/en\/","title":{"rendered":"Home"},"content":{"rendered":"<div data-elementor-type=\"wp-page\" data-elementor-id=\"10\" class=\"elementor elementor-10\">\n\t\t\t\t<div class=\"elementor-element elementor-element-a41354c e-flex e-con-boxed e-con e-parent\" data-id=\"a41354c\" data-element_type=\"container\" data-settings=\"{&quot;background_background&quot;:&quot;classic&quot;}\">\n\t\t\t\t\t<div class=\"e-con-inner\">\n\t\t\t\t<div class=\"elementor-element elementor-element-d9d817e elementor-widget elementor-widget-heading\" data-id=\"d9d817e\" data-element_type=\"widget\" data-widget_type=\"heading.default\">\n\t\t\t\t\t<h1 class=\"elementor-heading-title elementor-size-default\">nexanar<\/h1>\t\t\t\t<\/div>\n\t\t\t\t<div class=\"elementor-element elementor-element-1b2b587 elementor-invisible elementor-widget elementor-widget-heading\" data-id=\"1b2b587\" data-element_type=\"widget\" data-settings=\"{&quot;_animation&quot;:&quot;fadeInLeft&quot;}\" data-widget_type=\"heading.default\">\n\t\t\t\t\t<h2 class=\"elementor-heading-title elementor-size-default\">Shaping Intelligent IT.\nWorldwide.<\/h2>\t\t\t\t<\/div>\n\t\t\t\t<div class=\"elementor-element elementor-element-54999b4 elementor-mobile-align-center btn-dropdown elementor-widget elementor-widget-button\" data-id=\"54999b4\" data-element_type=\"widget\" data-widget_type=\"button.default\">\n\t\t\t\t\t\t\t\t\t\t<a class=\"elementor-button elementor-size-sm\" role=\"button\">\n\t\t\t\t\t\t<span class=\"elementor-button-content-wrapper\">\n\t\t\t\t\t\t<span class=\"elementor-button-icon\">\n\t\t\t\t<svg aria-hidden=\"true\" class=\"e-font-icon-svg e-fas-arrow-right\" viewbox=\"0 0 448 512\" xmlns=\"http:\/\/www.w3.org\/2000\/svg\"><path d=\"M190.5 66.9l22.2-22.2c9.4-9.4 24.6-9.4 33.9 0L441 239c9.4 9.4 9.4 24.6 0 33.9L246.6 467.3c-9.4 9.4-24.6 9.4-33.9 0l-22.2-22.2c-9.5-9.5-9.3-25 .4-34.3L311.4 296H24c-13.3 0-24-10.7-24-24v-32c0-13.3 10.7-24 24-24h287.4L190.9 101.2c-9.8-9.3-10-24.8-.4-34.3z\"><\/path><\/svg>\t\t\t<\/span>\n\t\t\t\t\t\t\t\t\t<span class=\"elementor-button-text\">Learn more about our consulting services<\/span>\n\t\t\t\t\t<\/span>\n\t\t\t\t\t<\/a>\n\t\t\t\t\t\t\t\t<\/div>\n\t\t\t\t<div class=\"elementor-element elementor-element-342b69f elementor-absolute elementor-widget elementor-widget-image\" data-id=\"342b69f\" data-element_type=\"widget\" id=\"hero-image\" data-settings=\"{&quot;_position&quot;:&quot;absolute&quot;}\" data-widget_type=\"image.default\">\n\t\t\t\t\t\t\t\t\t\t\t\t\t\t\t<img fetchpriority=\"high\" decoding=\"async\" width=\"2560\" height=\"1222\" src=\"https:\/\/new.metrosafetyelevators.com\/wp-content\/uploads\/2025\/12\/Frame_2-1-scaled-1.webp\" class=\"attachment-full size-full wp-image-1426\" alt=\"\" srcset=\"https:\/\/new.metrosafetyelevators.com\/wp-content\/uploads\/2025\/12\/Frame_2-1-scaled-1.webp 2560w, https:\/\/new.metrosafetyelevators.com\/wp-content\/uploads\/2025\/12\/Frame_2-1-scaled-1-300x143.webp 300w, https:\/\/new.metrosafetyelevators.com\/wp-content\/uploads\/2025\/12\/Frame_2-1-scaled-1-1024x489.webp 1024w, https:\/\/new.metrosafetyelevators.com\/wp-content\/uploads\/2025\/12\/Frame_2-1-scaled-1-768x367.webp 768w, https:\/\/new.metrosafetyelevators.com\/wp-content\/uploads\/2025\/12\/Frame_2-1-scaled-1-1536x733.webp 1536w, https:\/\/new.metrosafetyelevators.com\/wp-content\/uploads\/2025\/12\/Frame_2-1-scaled-1-2048x978.webp 2048w, https:\/\/new.metrosafetyelevators.com\/wp-content\/uploads\/2025\/12\/Frame_2-1-scaled-1-18x9.webp 18w\" sizes=\"(max-width: 2560px) 100vw, 2560px\" \/>\t\t\t\t\t\t\t\t\t\t\t\t\t\t\t<\/div>\n\t\t\t\t\t<\/div>\n\t\t\t\t<\/div>\n\t\t<div class=\"elementor-element elementor-element-729baa6 e-flex e-con-boxed e-con e-parent\" data-id=\"729baa6\" data-element_type=\"container\">\n\t\t\t\t\t<div class=\"e-con-inner\">\n\t\t\t\t<div class=\"elementor-element elementor-element-d39e350 elementor-widget elementor-widget-heading\" data-id=\"d39e350\" data-element_type=\"widget\" data-widget_type=\"heading.default\">\n\t\t\t\t\t<h2 class=\"elementor-heading-title elementor-size-default translation-block\">Experience that sustains. Technology that transforms. A future that is shaped.<\/h2>\t\t\t\t<\/div>\n\t\t\t\t<div class=\"elementor-element elementor-element-2d63dda elementor-widget elementor-widget-heading\" data-id=\"2d63dda\" data-element_type=\"widget\" data-widget_type=\"heading.default\">\n\t\t\t\t\t<p class=\"elementor-heading-title elementor-size-default\">Nexanar combines strategic expertise with technological excellence. We support leadership teams in increasing efficiency, strengthening resilience, and achieving sustainable growth. This enables companies to make faster, more secure, and data-driven decisions \u2013 and to proactively shape their digital future.<\/p>\t\t\t\t<\/div>\n\t\t\t\t<div class=\"elementor-element elementor-element-bee64ff btn-dropdown elementor-widget elementor-widget-button\" data-id=\"bee64ff\" data-element_type=\"widget\" data-widget_type=\"button.default\">\n\t\t\t\t\t\t\t\t\t\t<a class=\"elementor-button elementor-size-sm\" role=\"button\">\n\t\t\t\t\t\t<span class=\"elementor-button-content-wrapper\">\n\t\t\t\t\t\t<span class=\"elementor-button-icon\">\n\t\t\t\t<svg aria-hidden=\"true\" class=\"e-font-icon-svg e-fas-arrow-right\" viewbox=\"0 0 448 512\" xmlns=\"http:\/\/www.w3.org\/2000\/svg\"><path d=\"M190.5 66.9l22.2-22.2c9.4-9.4 24.6-9.4 33.9 0L441 239c9.4 9.4 9.4 24.6 0 33.9L246.6 467.3c-9.4 9.4-24.6 9.4-33.9 0l-22.2-22.2c-9.5-9.5-9.3-25 .4-34.3L311.4 296H24c-13.3 0-24-10.7-24-24v-32c0-13.3 10.7-24 24-24h287.4L190.9 101.2c-9.8-9.3-10-24.8-.4-34.3z\"><\/path><\/svg>\t\t\t<\/span>\n\t\t\t\t\t\t\t\t\t<span class=\"elementor-button-text\">Learn more about our consulting services<\/span>\n\t\t\t\t\t<\/span>\n\t\t\t\t\t<\/a>\n\t\t\t\t\t\t\t\t<\/div>\n\t\t\t\t\t<\/div>\n\t\t\t\t<\/div>\n\t\t<div class=\"elementor-element elementor-element-03688c0 e-flex e-con-boxed e-con e-parent\" data-id=\"03688c0\" data-element_type=\"container\" data-settings=\"{&quot;background_background&quot;:&quot;classic&quot;}\">\n\t\t\t\t\t<div class=\"e-con-inner\">\n\t\t\t\t<div class=\"elementor-element elementor-element-b3aa59f elementor-widget elementor-widget-heading\" data-id=\"b3aa59f\" data-element_type=\"widget\" data-widget_type=\"heading.default\">\n\t\t\t\t\t<h2 class=\"elementor-heading-title elementor-size-default\">Global Perspective.<br>\nLocal Impact.<\/h2>\t\t\t\t<\/div>\n\t\t\t\t<div class=\"elementor-element elementor-element-1c71dad elementor-widget elementor-widget-heading\" data-id=\"1c71dad\" data-element_type=\"widget\" data-widget_type=\"heading.default\">\n\t\t\t\t\t<h2 class=\"elementor-heading-title elementor-size-default\">We leverage the collective experience and expertise of our global project teams and our powerful international network \u2013 from Beijing to New York \u2013 to offer our clients tailor-made solutions.<\/h2>\t\t\t\t<\/div>\n\t\t\t\t\t<\/div>\n\t\t\t\t<\/div>\n\t\t<div class=\"elementor-element elementor-element-e4aacd6 e-flex e-con-boxed e-con e-parent\" data-id=\"e4aacd6\" data-element_type=\"container\">\n\t\t\t\t\t<div class=\"e-con-inner\">\n\t\t<div class=\"elementor-element elementor-element-82d3aff e-con-full e-flex e-con e-child\" data-id=\"82d3aff\" data-element_type=\"container\">\n\t\t<div class=\"elementor-element elementor-element-46bb3f9 e-con-full e-flex e-con e-child\" data-id=\"46bb3f9\" data-element_type=\"container\" data-settings=\"{&quot;background_background&quot;:&quot;classic&quot;}\">\n\t\t\t\t<div class=\"elementor-element elementor-element-ebcf965 elementor-widget elementor-widget-image\" data-id=\"ebcf965\" data-element_type=\"widget\" data-widget_type=\"image.default\">\n\t\t\t\t\t\t\t\t\t\t\t\t\t\t\t<img decoding=\"async\" width=\"318\" height=\"376\" src=\"https:\/\/new.metrosafetyelevators.com\/wp-content\/uploads\/2025\/12\/Susan-1.webp\" class=\"attachment-large size-large wp-image-407\" alt=\"\" srcset=\"https:\/\/new.metrosafetyelevators.com\/wp-content\/uploads\/2025\/12\/Susan-1.webp 318w, https:\/\/new.metrosafetyelevators.com\/wp-content\/uploads\/2025\/12\/Susan-1-254x300.webp 254w, https:\/\/new.metrosafetyelevators.com\/wp-content\/uploads\/2025\/12\/Susan-1-10x12.webp 10w\" sizes=\"(max-width: 318px) 100vw, 318px\" \/>\t\t\t\t\t\t\t\t\t\t\t\t\t\t\t<\/div>\n\t\t\t\t<\/div>\n\t\t<div class=\"elementor-element elementor-element-b974b62 e-con-full e-flex e-con e-child\" data-id=\"b974b62\" data-element_type=\"container\">\n\t\t\t\t<div class=\"elementor-element elementor-element-9b08739 elementor-widget elementor-widget-heading\" data-id=\"9b08739\" data-element_type=\"widget\" data-widget_type=\"heading.default\">\n\t\t\t\t\t<h2 class=\"elementor-heading-title elementor-size-default\">Susan<br>Bernhard<\/h2>\t\t\t\t<\/div>\n\t\t\t\t<div class=\"elementor-element elementor-element-cf82c1d elementor-widget elementor-widget-heading\" data-id=\"cf82c1d\" data-element_type=\"widget\" data-widget_type=\"heading.default\">\n\t\t\t\t\t<p class=\"elementor-heading-title elementor-size-default\">Managing Director<\/p>\t\t\t\t<\/div>\n\t\t\t\t<div class=\"elementor-element elementor-element-6701e06 elementor-widget elementor-widget-heading\" data-id=\"6701e06\" data-element_type=\"widget\" data-widget_type=\"heading.default\">\n\t\t\t\t\t<p class=\"elementor-heading-title elementor-size-default\">Ehemals Technology Lead, Accenture<\/p>\t\t\t\t<\/div>\n\t\t\t\t<\/div>\n\t\t\t\t<\/div>\n\t\t<div class=\"elementor-element elementor-element-d2df04a e-con-full e-flex e-con e-child\" data-id=\"d2df04a\" data-element_type=\"container\">\n\t\t<div class=\"elementor-element elementor-element-b1caa4c e-con-full e-flex e-con e-child\" data-id=\"b1caa4c\" data-element_type=\"container\" data-settings=\"{&quot;background_background&quot;:&quot;classic&quot;}\">\n\t\t\t\t<div class=\"elementor-element elementor-element-f2f6132 elementor-widget elementor-widget-image\" data-id=\"f2f6132\" data-element_type=\"widget\" data-widget_type=\"image.default\">\n\t\t\t\t\t\t\t\t\t\t\t\t\t\t\t<img decoding=\"async\" width=\"318\" height=\"376\" src=\"https:\/\/new.metrosafetyelevators.com\/wp-content\/uploads\/2025\/12\/Mark-2.webp\" class=\"attachment-large size-large wp-image-472\" alt=\"\" srcset=\"https:\/\/new.metrosafetyelevators.com\/wp-content\/uploads\/2025\/12\/Mark-2.webp 318w, https:\/\/new.metrosafetyelevators.com\/wp-content\/uploads\/2025\/12\/Mark-2-254x300.webp 254w, https:\/\/new.metrosafetyelevators.com\/wp-content\/uploads\/2025\/12\/Mark-2-10x12.webp 10w\" sizes=\"(max-width: 318px) 100vw, 318px\" \/>\t\t\t\t\t\t\t\t\t\t\t\t\t\t\t<\/div>\n\t\t\t\t<\/div>\n\t\t<div class=\"elementor-element elementor-element-481c721 e-con-full e-flex e-con e-child\" data-id=\"481c721\" data-element_type=\"container\">\n\t\t\t\t<div class=\"elementor-element elementor-element-b91c800 elementor-widget elementor-widget-heading\" data-id=\"b91c800\" data-element_type=\"widget\" data-widget_type=\"heading.default\">\n\t\t\t\t\t<h2 class=\"elementor-heading-title elementor-size-default\">Marc<br>Weiss<\/h2>\t\t\t\t<\/div>\n\t\t\t\t<div class=\"elementor-element elementor-element-584ded5 elementor-widget elementor-widget-heading\" data-id=\"584ded5\" data-element_type=\"widget\" data-widget_type=\"heading.default\">\n\t\t\t\t\t<p class=\"elementor-heading-title elementor-size-default\">Senior Managing Director<\/p>\t\t\t\t<\/div>\n\t\t\t\t<div class=\"elementor-element elementor-element-60e9c10 elementor-widget elementor-widget-heading\" data-id=\"60e9c10\" data-element_type=\"widget\" data-widget_type=\"heading.default\">\n\t\t\t\t\t<p class=\"elementor-heading-title elementor-size-default\">Ehemals Technology Lead, PwC<\/p>\t\t\t\t<\/div>\n\t\t\t\t<\/div>\n\t\t\t\t<\/div>\n\t\t\t\t\t<\/div>\n\t\t\t\t<\/div>\n\t\t<div class=\"elementor-element elementor-element-f894fcb e-flex e-con-boxed e-con e-parent\" data-id=\"f894fcb\" data-element_type=\"container\" data-settings=\"{&quot;background_background&quot;:&quot;classic&quot;}\">\n\t\t\t\t\t<div class=\"e-con-inner\">\n\t\t\t\t<div class=\"elementor-element elementor-element-7d9ee00 elementor-widget elementor-widget-heading\" data-id=\"7d9ee00\" data-element_type=\"widget\" data-widget_type=\"heading.default\">\n\t\t\t\t\t<h2 class=\"elementor-heading-title elementor-size-default\">A new model \u2013 designed for today's world.<\/h2>\t\t\t\t<\/div>\n\t\t\t\t<div class=\"elementor-element elementor-element-4b7555d elementor-widget elementor-widget-heading\" data-id=\"4b7555d\" data-element_type=\"widget\" data-widget_type=\"heading.default\">\n\t\t\t\t\t<p class=\"elementor-heading-title elementor-size-default\">A Dedication to Techology<\/p>\t\t\t\t<\/div>\n\t\t\t\t<div class=\"elementor-element elementor-element-7d7129f elementor-widget-mobile__width-initial elementor-widget elementor-widget-heading\" data-id=\"7d7129f\" data-element_type=\"widget\" data-widget_type=\"heading.default\">\n\t\t\t\t\t<p class=\"elementor-heading-title elementor-size-default\">At Nexanar, we combine deep technological know-how with the innovative power of<strong> Artificial intelligence <\/strong> and<strong> Data-driven Insights<\/strong>Our consulting services are characterized by the use of<strong> AI, LLMs and automated workflows<\/strong> More efficient, more precise, and more future-proof. This creates a clear competitive advantage for our customers: <strong>Faster processes, greater security, and better decisions <\/strong>\u2013 all within a lean, agile organizational structure that enables cost and time savings.<\/p>\t\t\t\t<\/div>\n\t\t\t\t\t<\/div>\n\t\t\t\t<\/div>\n\t\t<div class=\"elementor-element elementor-element-d984b0e e-flex e-con-boxed e-con e-parent\" data-id=\"d984b0e\" data-element_type=\"container\" data-settings=\"{&quot;background_background&quot;:&quot;classic&quot;}\">\n\t\t\t\t\t<div class=\"e-con-inner\">\n\t\t\t\t<div class=\"elementor-element elementor-element-cdfeae0 elementor-widget elementor-widget-heading\" data-id=\"cdfeae0\" data-element_type=\"widget\" data-widget_type=\"heading.default\">\n\t\t\t\t\t<h2 class=\"elementor-heading-title elementor-size-default\">Shaping the digital future together<\/h2>\t\t\t\t<\/div>\n\t\t\t\t<div class=\"elementor-element elementor-element-447422a elementor-widget elementor-widget-heading\" data-id=\"447422a\" data-element_type=\"widget\" data-widget_type=\"heading.default\">\n\t\t\t\t\t<p class=\"elementor-heading-title elementor-size-default\">Ob <b>AI infrastructure, IT resilience, secure cloud solutions, Oracle expertise<\/b> or <b>Software integration \u2013 Nexanar is your<br> Partner for sustainable IT excellence<\/b><\/p>\t\t\t\t<\/div>\n\t\t\t\t<div class=\"elementor-element elementor-element-bedce0f elementor-align-center elementor-tablet-align-center elementor-mobile-align-start elementor-icon-list--layout-traditional elementor-list-item-link-full_width elementor-widget elementor-widget-icon-list\" data-id=\"bedce0f\" data-element_type=\"widget\" data-widget_type=\"icon-list.default\">\n\t\t\t\t\t\t\t<ul class=\"elementor-icon-list-items\">\n\t\t\t\t\t\t\t<li class=\"elementor-icon-list-item\">\n\t\t\t\t\t\t\t\t\t\t\t<a href=\"\/en\/kontakt\/\">\n\n\t\t\t\t\t\t\t\t\t\t\t\t<span class=\"elementor-icon-list-icon\">\n\t\t\t\t\t\t\t<svg aria-hidden=\"true\" class=\"e-font-icon-svg e-fas-envelope\" viewbox=\"0 0 512 512\" xmlns=\"http:\/\/www.w3.org\/2000\/svg\"><path d=\"M502.3 190.8c3.9-3.1 9.7-.2 9.7 4.7V400c0 26.5-21.5 48-48 48H48c-26.5 0-48-21.5-48-48V195.6c0-5 5.7-7.8 9.7-4.7 22.4 17.4 52.1 39.5 154.1 113.6 21.1 15.4 56.7 47.8 92.2 47.6 35.7.3 72-32.8 92.3-47.6 102-74.1 131.6-96.3 154-113.7zM256 320c23.2.4 56.6-29.2 73.4-41.4 132.7-96.3 142.8-104.7 173.4-128.7 5.8-4.5 9.2-11.5 9.2-18.9v-19c0-26.5-21.5-48-48-48H48C21.5 64 0 85.5 0 112v19c0 7.4 3.4 14.3 9.2 18.9 30.6 23.9 40.7 32.4 173.4 128.7 16.8 12.2 50.2 41.8 73.4 41.4z\"><\/path><\/svg>\t\t\t\t\t\t<\/span>\n\t\t\t\t\t\t\t\t\t\t<span class=\"elementor-icon-list-text\">Contact us today for a free initial consultation.<\/span>\n\t\t\t\t\t\t\t\t\t\t\t<\/a>\n\t\t\t\t\t\t\t\t\t<\/li>\n\t\t\t\t\t\t<\/ul>\n\t\t\t\t\t\t<\/div>\n\t\t\t\t\t<\/div>\n\t\t\t\t<\/div>\n\t\t\t\t<\/div>","protected":false},"excerpt":{"rendered":"<p>nexanar Shaping Intelligent IT. Worldwide. Mehr \u00fcber unsere Beratungsangebote erfahren Erfahrung, die tr\u00e4gt.\u2028Technologie, die transformiert.\u2028Zukunft, die gestaltet wird. Nexanar verbindet strategische Expertise mit technologischer Exzellenz. Wir unterst\u00fctzen F\u00fchrungsteams dabei, Effizienz zu steigern, Resilienz zu st\u00e4rken und nachhaltiges Wachstum zu realisieren. So treffen Unternehmen Entscheidungen schneller, sicherer und datenbasiert \u2013 und gestalten ihre digitale Zukunft proaktiv. [&hellip;]<\/p>","protected":false},"author":2,"featured_media":0,"parent":0,"menu_order":0,"comment_status":"closed","ping_status":"closed","template":"elementor_header_footer","meta":{"footnotes":""},"class_list":["post-10","page","type-page","status-publish","hentry"],"_hostinger_reach_plugin_has_subscription_block":false,"_hostinger_reach_plugin_is_elementor":false,"_links":{"self":[{"href":"https:\/\/new.metrosafetyelevators.com\/en\/wp-json\/wp\/v2\/pages\/10","targetHints":{"allow":["GET"]}}],"collection":[{"href":"https:\/\/new.metrosafetyelevators.com\/en\/wp-json\/wp\/v2\/pages"}],"about":[{"href":"https:\/\/new.metrosafetyelevators.com\/en\/wp-json\/wp\/v2\/types\/page"}],"author":[{"embeddable":true,"href":"https:\/\/new.metrosafetyelevators.com\/en\/wp-json\/wp\/v2\/users\/2"}],"replies":[{"embeddable":true,"href":"https:\/\/new.metrosafetyelevators.com\/en\/wp-json\/wp\/v2\/comments?post=10"}],"version-history":[{"count":453,"href":"https:\/\/new.metrosafetyelevators.com\/en\/wp-json\/wp\/v2\/pages\/10\/revisions"}],"predecessor-version":[{"id":2329,"href":"https:\/\/new.metrosafetyelevators.com\/en\/wp-json\/wp\/v2\/pages\/10\/revisions\/2329"}],"wp:attachment":[{"href":"https:\/\/new.metrosafetyelevators.com\/en\/wp-json\/wp\/v2\/media?parent=10"}],"curies":[{"name":"wp","href":"https:\/\/api.w.org\/{rel}","templated":true}]}}